{"id":32076,"date":"2017-01-31T15:05:11","date_gmt":"2017-01-31T10:05:11","guid":{"rendered":"http:\/\/www.ecole-francaise-tachkent.com\/?page_id=32076\/"},"modified":"2019-01-15T14:03:22","modified_gmt":"2019-01-15T09:03:22","slug":"organization","status":"publish","type":"page","link":"https:\/\/www.ecole-francaise-tachkent.com\/en\/tashkent-french-school\/introduction\/organization\/","title":{"rendered":"Organization"},"content":{"rendered":"<p>[et_pb_section fb_built=&#8221;1&#8243; custom_padding_last_edited=&#8221;on|desktop&#8221; admin_label=&#8221;section&#8221; _builder_version=&#8221;3.0.74&#8243; custom_padding_tablet=&#8221;50px|0|50px|0&#8243; transparent_background=&#8221;off&#8221; padding_mobile=&#8221;off&#8221;][et_pb_row admin_label=&#8221;Row&#8221; _builder_version=&#8221;3.0.48&#8243; background_size=&#8221;initial&#8221; background_position=&#8221;top_left&#8221; background_repeat=&#8221;repeat&#8221;][et_pb_column type=&#8221;4_4&#8243; _builder_version=&#8221;3.0.47&#8243; parallax=&#8221;off&#8221; parallax_method=&#8221;on&#8221;][et_pb_text admin_label=&#8221;Text&#8221; _builder_version=&#8221;3.0.87&#8243; text_font=&#8221;|on|||&#8221; text_text_color=&#8221;#1e73be&#8221; text_font_size=&#8221;20&#8243; background_size=&#8221;initial&#8221; background_position=&#8221;top_left&#8221; background_repeat=&#8221;repeat&#8221; use_border_color=&#8221;off&#8221; border_color=&#8221;#ffffff&#8221; border_style=&#8221;solid&#8221;]Organization<br \/>\n[\/et_pb_text][\/et_pb_column][\/et_pb_row][et_pb_row admin_label=&#8221;Row&#8221; _builder_version=&#8221;3.0.48&#8243; background_size=&#8221;initial&#8221; background_position=&#8221;top_left&#8221; background_repeat=&#8221;repeat&#8221;][et_pb_column type=&#8221;4_4&#8243; _builder_version=&#8221;3.0.47&#8243; parallax=&#8221;off&#8221; parallax_method=&#8221;on&#8221;][et_pb_text admin_label=&#8221;Text&#8221; _builder_version=&#8221;3.0.87&#8243; text_line_height=&#8221;1.8em&#8221; background_size=&#8221;initial&#8221; background_position=&#8221;top_left&#8221; background_repeat=&#8221;repeat&#8221; use_border_color=&#8221;off&#8221; border_color=&#8221;#ffffff&#8221; border_style=&#8221;solid&#8221;]<\/p>\n<ul>\n<li>The French School of Tashkent, to date, is the<strong> only French school in Central Asia<\/strong>. It was started in 1997 as a result of the desire of French expatriate parents to offer both continuity of education for their children and access to a high quality education for Francophones and Francophiles in Uzbekistan.<\/li>\n<\/ul>\n<ul>\n<li>The French School of Tashkent is a common asset for the parent community who have formed a <strong>French association<\/strong> of law 1901 under the authority of the Ambassador of France in Uzbekistan, the aim of which is to extend the mission of the Public Service of French education abroad.<\/li>\n<\/ul>\n<ul>\n<li>The school currently welcomes more than 100 students, of whom about 70% are from Uzbekistan and others from more than ten different nationalities, guaranteeing the long-term sustainability of the project, irrespectively of the international situation and foreign presence. More than 20 teachers provide a quality French education from Preschool to Grade 12, with a success rate of 99% at the Baccalaureate Diploma and the Junior School Certificate since the creation of the school. The languages taught at primary level are English and Russian; in total we offer 4 living languages in addition to French during schooling.<\/li>\n<\/ul>\n<p>[\/et_pb_text][\/et_pb_column][\/et_pb_row][et_pb_row use_custom_gutter=&#8221;on&#8221; padding_mobile=&#8221;off&#8221; column_padding_mobile=&#8221;on&#8221; parallax_method_1=&#8221;off&#8221; parallax_method_2=&#8221;off&#8221; parallax_method_3=&#8221;off&#8221; parallax_method_4=&#8221;off&#8221; admin_label=&#8221;Row&#8221; _builder_version=&#8221;3.0.48&#8243; background_color=&#8221;#1e73be&#8221; background_size=&#8221;initial&#8221; background_position=&#8221;top_left&#8221; background_repeat=&#8221;repeat&#8221;][et_pb_column type=&#8221;1_4&#8243; _builder_version=&#8221;3.0.47&#8243; column_padding_mobile=&#8221;on&#8221; parallax=&#8221;off&#8221; parallax_method=&#8221;off&#8221;][et_pb_number_counter title=&#8221;Students&#8221; number=&#8221;165&#8243; percent_sign=&#8221;off&#8221; counter_color=&#8221;#ffffff&#8221; admin_label=&#8221;Number Counter&#8221; _builder_version=&#8221;3.18.7&#8243; number_font_size=&#8221;45&#8243; number_line_height=&#8221;50px&#8221; background_size=&#8221;initial&#8221; background_position=&#8221;top_left&#8221; background_repeat=&#8221;repeat&#8221; background_layout=&#8221;dark&#8221; use_border_color=&#8221;off&#8221; border_color=&#8221;#ffffff&#8221; border_style=&#8221;solid&#8221;] [\/et_pb_number_counter][\/et_pb_column][et_pb_column type=&#8221;1_4&#8243; _builder_version=&#8221;3.0.47&#8243; column_padding_mobile=&#8221;on&#8221; parallax=&#8221;off&#8221; parallax_method=&#8221;off&#8221;][et_pb_number_counter title=&#8221;Teachers&#8221; number=&#8221;20&#8243; percent_sign=&#8221;off&#8221; counter_color=&#8221;#ffffff&#8221; admin_label=&#8221;Number Counter&#8221; _builder_version=&#8221;3.0.87&#8243; number_font_size=&#8221;45&#8243; number_line_height=&#8221;50&#8243; background_size=&#8221;initial&#8221; background_position=&#8221;top_left&#8221; background_repeat=&#8221;repeat&#8221; background_layout=&#8221;dark&#8221; use_border_color=&#8221;off&#8221; border_color=&#8221;#ffffff&#8221; border_style=&#8221;solid&#8221;] [\/et_pb_number_counter][\/et_pb_column][et_pb_column type=&#8221;1_4&#8243; _builder_version=&#8221;3.0.47&#8243; column_padding_mobile=&#8221;on&#8221; parallax=&#8221;off&#8221; parallax_method=&#8221;off&#8221;][et_pb_number_counter title=&#8221;Nationalities&#8221; number=&#8221;12&#8243; percent_sign=&#8221;off&#8221; counter_color=&#8221;#ffffff&#8221; admin_label=&#8221;Number Counter&#8221; _builder_version=&#8221;3.0.87&#8243; number_font_size=&#8221;45&#8243; number_line_height=&#8221;50&#8243; background_size=&#8221;initial&#8221; background_position=&#8221;top_left&#8221; background_repeat=&#8221;repeat&#8221; background_layout=&#8221;dark&#8221; use_border_color=&#8221;off&#8221; border_color=&#8221;#ffffff&#8221; border_style=&#8221;solid&#8221;] [\/et_pb_number_counter][\/et_pb_column][et_pb_column type=&#8221;1_4&#8243; _builder_version=&#8221;3.0.47&#8243; column_padding_mobile=&#8221;on&#8221; parallax=&#8221;off&#8221; parallax_method=&#8221;off&#8221;][et_pb_number_counter title=&#8221;Success rate&#8221; number=&#8221;99&#8243; counter_color=&#8221;#ffffff&#8221; admin_label=&#8221;Number Counter&#8221; _builder_version=&#8221;3.18.7&#8243; number_font_size=&#8221;45&#8243; number_line_height=&#8221;50&#8243; background_size=&#8221;initial&#8221; background_position=&#8221;top_left&#8221; background_repeat=&#8221;repeat&#8221; background_layout=&#8221;dark&#8221; use_border_color=&#8221;off&#8221; border_color=&#8221;#ffffff&#8221; border_style=&#8221;solid&#8221;] [\/et_pb_number_counter][\/et_pb_column][\/et_pb_row][et_pb_row admin_label=&#8221;Row&#8221; _builder_version=&#8221;3.0.48&#8243; background_size=&#8221;initial&#8221; background_position=&#8221;top_left&#8221; background_repeat=&#8221;repeat&#8221;][et_pb_column type=&#8221;1_2&#8243; _builder_version=&#8221;3.0.47&#8243; parallax=&#8221;off&#8221; parallax_method=&#8221;on&#8221;][et_pb_image src=&#8221;http:\/\/www.ecole-francaise-tachkent.com\/wp-content\/uploads\/2019\/01\/carte-reseau-aefe-2018-2019-hd.pdf.pdf&#8221; show_bottom_space=&#8221;off&#8221; align=&#8221;right&#8221; admin_label=&#8221;Image&#8221; _builder_version=&#8221;3.18.7&#8243; custom_margin=&#8221;||20px|&#8221; use_border_color=&#8221;off&#8221; border_color=&#8221;#ffffff&#8221; border_style=&#8221;solid&#8221; animation=&#8221;off&#8221; sticky=&#8221;on&#8221; locked=&#8221;off&#8221;] [\/et_pb_image][\/et_pb_column][et_pb_column type=&#8221;1_2&#8243; _builder_version=&#8221;3.0.47&#8243; parallax=&#8221;off&#8221; parallax_method=&#8221;on&#8221;][\/et_pb_column][\/et_pb_row][et_pb_row padding_mobile=&#8221;off&#8221; make_equal=&#8221;on&#8221; column_padding_mobile=&#8221;on&#8221; parallax_method_1=&#8221;off&#8221; parallax_method_2=&#8221;off&#8221; admin_label=&#8221;Row&#8221; _builder_version=&#8221;3.0.48&#8243; background_size=&#8221;initial&#8221; background_position=&#8221;top_left&#8221; background_repeat=&#8221;repeat&#8221;][et_pb_column type=&#8221;4_4&#8243; _builder_version=&#8221;3.0.47&#8243; column_padding_mobile=&#8221;on&#8221; parallax=&#8221;off&#8221; parallax_method=&#8221;off&#8221;][et_pb_image src=&#8221;http:\/\/www.ecole-francaise-tachkent.com\/wp-content\/uploads\/2019\/01\/carte-reseau-aefe-2018-2019-hd.jpg&#8221; show_bottom_space=&#8221;off&#8221; align=&#8221;right&#8221; admin_label=&#8221;Image&#8221; _builder_version=&#8221;3.18.7&#8243; custom_margin=&#8221;||20px|&#8221; use_border_color=&#8221;off&#8221; border_color=&#8221;#ffffff&#8221; border_style=&#8221;solid&#8221; animation=&#8221;off&#8221; sticky=&#8221;on&#8221; locked=&#8221;off&#8221;] [\/et_pb_image][et_pb_image src=&#8221;http:\/\/www.ecole-francaise-tachkent.com\/wp-content\/uploads\/2015\/11\/AEFE-logo-\u00e9tablissement-partenaire.jpg&#8221; show_bottom_space=&#8221;off&#8221; align=&#8221;right&#8221; admin_label=&#8221;Image&#8221; _builder_version=&#8221;3.0.87&#8243; custom_margin=&#8221;||20px|&#8221; use_border_color=&#8221;off&#8221; border_color=&#8221;#ffffff&#8221; border_style=&#8221;solid&#8221; animation=&#8221;off&#8221; sticky=&#8221;on&#8221;] [\/et_pb_image][et_pb_text admin_label=&#8221;Text&#8221; _builder_version=&#8221;3.0.87&#8243; text_line_height=&#8221;1.8em&#8221; background_size=&#8221;initial&#8221; background_position=&#8221;top_left&#8221; background_repeat=&#8221;repeat&#8221; use_border_color=&#8221;off&#8221; border_color=&#8221;#ffffff&#8221; border_style=&#8221;solid&#8221;]<\/p>\n<ul>\n<li><span lang=\"en-US\">The French School of Tashkent has been <\/span><span lang=\"en-US\">a partner school of AEFE (<\/span><span lang=\"en-US\">Agence pour l\u2019Enseignement Fran\u00e7ais \u00e0 l\u2019Etranger<\/span> <span lang=\"en-US\">\u2013 <\/span><span lang=\"en-US\">Agency for French Education Overseas<\/span><span lang=\"en-US\">) <\/span><span lang=\"en-US\">since 2001. This certification guarantees both compliance with the French educational model as well as the quality of the education provided. AEFE is a department of the French Ministry of Foreign Affairs and International Development, which runs a network of 496 French schools around the world in 137 countries for 355,000 students enrolled.<\/span><\/li>\n<\/ul>\n<p>[\/et_pb_text][\/et_pb_column][\/et_pb_row][\/et_pb_section]<\/p>\n","protected":false},"excerpt":{"rendered":"<p>Organization The French School of Tashkent, to date, is the only French school in Central Asia. It was started in 1997 as a result of the desire of French expatriate parents to offer both continuity of education for their children and access to a high quality education for Francophones and Francophiles in Uzbekistan. The French [&hellip;]<\/p>\n","protected":false},"author":1,"featured_media":0,"parent":32052,"menu_order":0,"comment_status":"closed","ping_status":"closed","template":"","meta":{"_et_pb_use_builder":"on","_et_pb_old_content":"<p><span style=\"font-style: inherit; font-weight: inherit;\">Ecole Fran\u00e7aise de Tachkent, \u00e0 ce jour la seule \u00e9cole fran\u00e7aise en Asie Centrale, est n\u00e9e en 1997 de la volont\u00e9 de parents fran\u00e7ais expatri\u00e9s d\u2019offrir \u00e0 la fois une continuit\u00e9 d\u2019enseignement \u00e0 leurs enfants et un acc\u00e8s \u00e0 un enseignement de grande qualit\u00e9, mondialement reconnu, aux francophones et francophiles d\u2019Ouzb\u00e9kistan.<\/span><\/p><p><span style=\"font-style: inherit; font-weight: inherit;\">L\u2019homologation du primaire en 2001 a apport\u00e9 une premi\u00e8re reconnaissance du travail accompli ainsi qu\u2019un gage suppl\u00e9mentaire de qualit\u00e9 qui a permis \u00e0 l\u2019\u00e9cole de rejoindre le r\u00e9seau AEFE des 450 \u00e9coles fran\u00e7aises de l\u2019\u00e9tranger, dont \u00e0 peine plus de 150 d\u2019entres elles sont homologu\u00e9es.<\/span><\/p><p><span style=\"font-style: inherit; font-weight: inherit;\">Si l\u2019\u00e9cole a b\u00e9n\u00e9fici\u00e9 de sponsors importants \u00e0 ses d\u00e9buts, aujourd\u2019hui elle assure pratiquement seule son financement, dans un contexte qui accueille peu d'investisseurs \u00e9trangers et peu de familles expatri\u00e9es. <\/span><span style=\"font-style: inherit; font-weight: inherit;\">L\u2019\u00e9tablissement compte un effectif d\u2019environ 100 \u00e9l\u00e8ves, dont 70% d'Ouzbeks, qui garantissent la p\u00e9rennit\u00e9 du projet \u00e0 long terme ind\u00e9pendamment de la conjoncture internationale et de la pr\u00e9sence \u00e9trang\u00e8re. Plus de 20 professeurs assurent un enseignement fran\u00e7ais de qualit\u00e9 de la classe de maternelle \u00e0 la terminale, avec un taux de r\u00e9ussite de 99% au BAC depuis la cr\u00e9ation de l\u2019\u00e9cole. Les langues vivantes enseign\u00e9es d\u00e8s le primaire sont l\u2019anglais et le russe\u00a0; les \u00e9l\u00e8ves peuvent choisir d\u00e8s la classe de 4\u00e8me\u00a0une deuxi\u00e8me langue\u00a0 vivante, espagnol ou russe<\/span><span style=\"font-style: inherit; font-weight: inherit;\">.<\/span><\/p>","_et_gb_content_width":""},"_links":{"self":[{"href":"https:\/\/www.ecole-francaise-tachkent.com\/en\/wp-json\/wp\/v2\/pages\/32076"}],"collection":[{"href":"https:\/\/www.ecole-francaise-tachkent.com\/en\/wp-json\/wp\/v2\/pages"}],"about":[{"href":"https:\/\/www.ecole-francaise-tachkent.com\/en\/wp-json\/wp\/v2\/types\/page"}],"author":[{"embeddable":true,"href":"https:\/\/www.ecole-francaise-tachkent.com\/en\/wp-json\/wp\/v2\/users\/1"}],"replies":[{"embeddable":true,"href":"https:\/\/www.ecole-francaise-tachkent.com\/en\/wp-json\/wp\/v2\/comments?post=32076"}],"version-history":[{"count":4,"href":"https:\/\/www.ecole-francaise-tachkent.com\/en\/wp-json\/wp\/v2\/pages\/32076\/revisions"}],"predecessor-version":[{"id":35025,"href":"https:\/\/www.ecole-francaise-tachkent.com\/en\/wp-json\/wp\/v2\/pages\/32076\/revisions\/35025"}],"up":[{"embeddable":true,"href":"https:\/\/www.ecole-francaise-tachkent.com\/en\/wp-json\/wp\/v2\/pages\/32052"}],"wp:attachment":[{"href":"https:\/\/www.ecole-francaise-tachkent.com\/en\/wp-json\/wp\/v2\/media?parent=32076"}],"curies":[{"name":"wp","href":"https:\/\/api.w.org\/{rel}","templated":true}]}}