{"id":32084,"date":"2017-01-31T15:10:38","date_gmt":"2017-01-31T10:10:38","guid":{"rendered":"http:\/\/www.ecole-francaise-tachkent.com\/?page_id=32084\/"},"modified":"2022-09-12T11:15:54","modified_gmt":"2022-09-12T06:15:54","slug":"our-staff","status":"publish","type":"page","link":"https:\/\/www.ecole-francaise-tachkent.com\/en\/tashkent-french-school\/introduction\/our-staff\/","title":{"rendered":"Our staff"},"content":{"rendered":"<p>[et_pb_section fb_built=&#8221;1&#8243; custom_padding_last_edited=&#8221;on|desktop&#8221; admin_label=&#8221;section&#8221; _builder_version=&#8221;3.22&#8243; custom_padding_tablet=&#8221;50px|0|50px|0&#8243; custom_padding_phone=&#8221;&#8221; transparent_background=&#8221;off&#8221; padding_mobile=&#8221;off&#8221; make_fullwidth=&#8221;off&#8221; use_custom_width=&#8221;off&#8221; width_unit=&#8221;on&#8221;][et_pb_row padding_mobile=&#8221;off&#8221; column_padding_mobile=&#8221;on&#8221; admin_label=&#8221;Row&#8221; _builder_version=&#8221;3.25&#8243; background_size=&#8221;initial&#8221; background_position=&#8221;top_left&#8221; background_repeat=&#8221;repeat&#8221; custom_padding=&#8221;0px||0px|&#8221; make_fullwidth=&#8221;off&#8221; use_custom_width=&#8221;off&#8221; width_unit=&#8221;on&#8221;][et_pb_column type=&#8221;4_4&#8243; _builder_version=&#8221;3.25&#8243; custom_padding=&#8221;|||&#8221; custom_padding__hover=&#8221;|||&#8221;][et_pb_text admin_label=&#8221;Text&#8221; _builder_version=&#8221;3.27.4&#8243; text_font=&#8221;|on|||&#8221; text_text_color=&#8221;#1e73be&#8221; text_font_size=&#8221;20&#8243; background_size=&#8221;initial&#8221; background_position=&#8221;top_left&#8221; background_repeat=&#8221;repeat&#8221; use_border_color=&#8221;off&#8221; border_color=&#8221;#ffffff&#8221; border_style=&#8221;solid&#8221;]The staff of the French School of Tashkent<br \/>\n[\/et_pb_text][et_pb_image src=&#8221;http:\/\/www.ecole-francaise-tachkent.com\/wp-content\/uploads\/2022\/09\/2022-2022-personnels.jpg&#8221; alt=&#8221;les enseignants de l&#8217;\u00e9cole fran\u00e7aise de Tachkent &#8221; title_text=&#8221;2022-2022 &#8211; personnels&#8221; url=&#8221;\/wp-content\/uploads\/2015\/11\/international-school-tashkent-french.jpg&#8221; align=&#8221;right&#8221; align_tablet=&#8221;center&#8221; align_phone=&#8221;&#8221; align_last_edited=&#8221;on|desktop&#8221; admin_label=&#8221;Image&#8221; _builder_version=&#8221;4.4.9&#8243; max_width=&#8221;1920px&#8221; custom_margin=&#8221;20px|10px|10px|10px&#8221; hover_enabled=&#8221;0&#8243; border_width_all=&#8221;3px&#8221; border_color_all=&#8221;#0c71c3&#8243; border_style_all=&#8221;solid&#8221; use_border_color=&#8221;on&#8221; border_color=&#8221;#0c71c3&#8243; border_width=&#8221;3px&#8221; border_style=&#8221;solid&#8221; animation=&#8221;off&#8221; sticky=&#8221;off&#8221; always_center_on_mobile=&#8221;on&#8221;][\/et_pb_image][\/et_pb_column][\/et_pb_row][et_pb_row padding_mobile=&#8221;off&#8221; column_padding_mobile=&#8221;on&#8221; admin_label=&#8221;Row&#8221; _builder_version=&#8221;3.25&#8243; background_size=&#8221;initial&#8221; background_position=&#8221;top_left&#8221; background_repeat=&#8221;repeat&#8221; custom_padding=&#8221;0px||0px|&#8221; make_fullwidth=&#8221;off&#8221; use_custom_width=&#8221;off&#8221; width_unit=&#8221;on&#8221;][et_pb_column type=&#8221;4_4&#8243; _builder_version=&#8221;3.25&#8243; custom_padding=&#8221;|||&#8221; custom_padding__hover=&#8221;|||&#8221;][et_pb_text admin_label=&#8221;Text&#8221; _builder_version=&#8221;3.27.4&#8243; text_font=&#8221;|on|||&#8221; text_text_color=&#8221;#1e73be&#8221; text_font_size=&#8221;20&#8243; background_size=&#8221;initial&#8221; background_position=&#8221;top_left&#8221; background_repeat=&#8221;repeat&#8221; use_border_color=&#8221;off&#8221; border_color=&#8221;#ffffff&#8221; border_style=&#8221;solid&#8221;]teachers and staff of the French school with their students &#8211; a successful team!<br \/>\n[\/et_pb_text][et_pb_image src=&#8221;http:\/\/www.ecole-francaise-tachkent.com\/wp-content\/uploads\/2015\/11\/international-school-tashkent-french.jpg&#8221; alt=&#8221;les enseignants de l&#8217;\u00e9cole fran\u00e7aise de Tachkent avec leurs \u00e9l\u00e8ves&#8221; title_text=&#8221;equipe de l&#8217;ecole francaise de Tachkent&#8221; url=&#8221;\/wp-content\/uploads\/2015\/11\/international-school-tashkent-french.jpg&#8221; align=&#8221;right&#8221; align_tablet=&#8221;center&#8221; align_phone=&#8221;&#8221; align_last_edited=&#8221;on|desktop&#8221; admin_label=&#8221;Image&#8221; _builder_version=&#8221;3.23&#8243; max_width=&#8221;1920px&#8221; custom_margin=&#8221;20px|10px|10px|10px&#8221; border_width_all=&#8221;3px&#8221; border_color_all=&#8221;#0c71c3&#8243; border_style_all=&#8221;solid&#8221; use_border_color=&#8221;on&#8221; border_color=&#8221;#0c71c3&#8243; border_width=&#8221;3px&#8221; border_style=&#8221;solid&#8221; animation=&#8221;off&#8221; sticky=&#8221;off&#8221; always_center_on_mobile=&#8221;on&#8221;][\/et_pb_image][\/et_pb_column][\/et_pb_row][\/et_pb_section]<\/p>\n","protected":false},"excerpt":{"rendered":"<p>The staff of the French School of Tashkent teachers and staff of the French school with their students &#8211; a successful team!<\/p>\n","protected":false},"author":1,"featured_media":0,"parent":32052,"menu_order":0,"comment_status":"closed","ping_status":"closed","template":"","meta":{"_et_pb_use_builder":"on","_et_pb_old_content":"","_et_gb_content_width":""},"_links":{"self":[{"href":"https:\/\/www.ecole-francaise-tachkent.com\/en\/wp-json\/wp\/v2\/pages\/32084"}],"collection":[{"href":"https:\/\/www.ecole-francaise-tachkent.com\/en\/wp-json\/wp\/v2\/pages"}],"about":[{"href":"https:\/\/www.ecole-francaise-tachkent.com\/en\/wp-json\/wp\/v2\/types\/page"}],"author":[{"embeddable":true,"href":"https:\/\/www.ecole-francaise-tachkent.com\/en\/wp-json\/wp\/v2\/users\/1"}],"replies":[{"embeddable":true,"href":"https:\/\/www.ecole-francaise-tachkent.com\/en\/wp-json\/wp\/v2\/comments?post=32084"}],"version-history":[{"count":6,"href":"https:\/\/www.ecole-francaise-tachkent.com\/en\/wp-json\/wp\/v2\/pages\/32084\/revisions"}],"predecessor-version":[{"id":43480,"href":"https:\/\/www.ecole-francaise-tachkent.com\/en\/wp-json\/wp\/v2\/pages\/32084\/revisions\/43480"}],"up":[{"embeddable":true,"href":"https:\/\/www.ecole-francaise-tachkent.com\/en\/wp-json\/wp\/v2\/pages\/32052"}],"wp:attachment":[{"href":"https:\/\/www.ecole-francaise-tachkent.com\/en\/wp-json\/wp\/v2\/media?parent=32084"}],"curies":[{"name":"wp","href":"https:\/\/api.w.org\/{rel}","templated":true}]}}