{"id":32094,"date":"2017-01-31T15:27:58","date_gmt":"2017-01-31T10:27:58","guid":{"rendered":"http:\/\/www.ecole-francaise-tachkent.com\/?page_id=32094\/"},"modified":"2017-01-31T15:31:24","modified_gmt":"2017-01-31T10:31:24","slug":"in-my-class","status":"publish","type":"page","link":"https:\/\/www.ecole-francaise-tachkent.com\/en\/tashkent-french-school\/in-my-class\/","title":{"rendered":"In my class"},"content":{"rendered":"<p>[et_pb_section admin_label=&#8221;section&#8221; inner_shadow=&#8221;off&#8221; parallax=&#8221;off&#8221; transparent_background=&#8221;off&#8221; allow_player_pause=&#8221;off&#8221; parallax_method=&#8221;off&#8221; padding_mobile=&#8221;off&#8221; make_fullwidth=&#8221;off&#8221; use_custom_width=&#8221;off&#8221; width_unit=&#8221;on&#8221; make_equal=&#8221;off&#8221; use_custom_gutter=&#8221;off&#8221; gutter_width=&#8221;3&#8243;][et_pb_row admin_label=&#8221;row&#8221;][et_pb_column type=&#8221;4_4&#8243;][et_pb_text admin_label=&#8221;Text&#8221; background_layout=&#8221;light&#8221; text_orientation=&#8221;left&#8221; text_font=&#8221;|on|||&#8221; text_font_size=&#8221;20&#8243; text_text_color=&#8221;#1e73be&#8221; use_border_color=&#8221;off&#8221; border_color=&#8221;#ffffff&#8221; border_style=&#8221;solid&#8221;]<\/p>\n<p>In my class<\/p>\n<p>[\/et_pb_text][\/et_pb_column][\/et_pb_row][et_pb_row admin_label=&#8221;Row&#8221; make_fullwidth=&#8221;off&#8221; use_custom_width=&#8221;off&#8221; width_unit=&#8221;on&#8221; use_custom_gutter=&#8221;on&#8221; gutter_width=&#8221;2&#8243; padding_mobile=&#8221;off&#8221; allow_player_pause=&#8221;off&#8221; parallax=&#8221;off&#8221; parallax_method=&#8221;off&#8221; make_equal=&#8221;on&#8221; parallax_1=&#8221;off&#8221; parallax_method_1=&#8221;off&#8221; parallax_2=&#8221;off&#8221; parallax_method_2=&#8221;off&#8221; parallax_3=&#8221;off&#8221; parallax_method_3=&#8221;off&#8221; parallax_4=&#8221;off&#8221; parallax_method_4=&#8221;off&#8221; column_padding_mobile=&#8221;on&#8221;][et_pb_column type=&#8221;1_4&#8243;][et_pb_blurb admin_label=&#8221;Blurb&#8221; title=&#8221;Preschool&#8221; url_new_window=&#8221;off&#8221; use_icon=&#8221;off&#8221; icon_color=&#8221;#1e73be&#8221; use_circle=&#8221;off&#8221; circle_color=&#8221;#1e73be&#8221; use_circle_border=&#8221;off&#8221; circle_border_color=&#8221;#1e73be&#8221; image=&#8221;http:\/\/www.ecole-francaise-tachkent.com\/wp-content\/uploads\/2015\/11\/maternelle-ecole-francaise-tachkent.png&#8221; alt=&#8221;Maternelle Ecole fran\u00e7aise Tachkent&#8221; icon_placement=&#8221;top&#8221; animation=&#8221;left&#8221; background_layout=&#8221;light&#8221; text_orientation=&#8221;center&#8221; use_icon_font_size=&#8221;off&#8221; use_border_color=&#8221;on&#8221; border_color=&#8221;#1e73be&#8221; border_width=&#8221;3px&#8221; border_style=&#8221;solid&#8221; url=&#8221;\/ecole-francaise-ouzbekistan\/ma-classe\/maternelle\/&#8221;] [\/et_pb_blurb][et_pb_blurb admin_label=&#8221;Blurb&#8221; title=&#8221;CM1&#8243; url_new_window=&#8221;off&#8221; use_icon=&#8221;off&#8221; icon_color=&#8221;#1e73be&#8221; use_circle=&#8221;off&#8221; circle_color=&#8221;#1e73be&#8221; use_circle_border=&#8221;off&#8221; circle_border_color=&#8221;#1e73be&#8221; image=&#8221;http:\/\/www.ecole-francaise-tachkent.com\/wp-content\/uploads\/2015\/11\/CM1-ecole-francaise-tachkent-1.png&#8221; alt=&#8221;CM1 Ecole fran\u00e7aise Tachkent&#8221; icon_placement=&#8221;top&#8221; animation=&#8221;left&#8221; background_layout=&#8221;light&#8221; text_orientation=&#8221;center&#8221; use_icon_font_size=&#8221;off&#8221; use_border_color=&#8221;on&#8221; border_color=&#8221;#1e73be&#8221; border_width=&#8221;3px&#8221; border_style=&#8221;solid&#8221; url=&#8221;\/ecole-francaise-ouzbekistan\/ma-classe\/cm1\/&#8221;] [\/et_pb_blurb][\/et_pb_column][et_pb_column type=&#8221;1_4&#8243;][et_pb_blurb admin_label=&#8221;Blurb&#8221; title=&#8221;CP&#8221; url_new_window=&#8221;off&#8221; use_icon=&#8221;off&#8221; icon_color=&#8221;#1e73be&#8221; use_circle=&#8221;off&#8221; circle_color=&#8221;#1e73be&#8221; use_circle_border=&#8221;off&#8221; circle_border_color=&#8221;#1e73be&#8221; image=&#8221;http:\/\/www.ecole-francaise-tachkent.com\/wp-content\/uploads\/2015\/11\/CP-ecole-francaise-tachkent.png&#8221; alt=&#8221;CP ecole fran\u00e7aise Tachkent&#8221; icon_placement=&#8221;top&#8221; animation=&#8221;top&#8221; background_layout=&#8221;light&#8221; text_orientation=&#8221;center&#8221; use_icon_font_size=&#8221;off&#8221; use_border_color=&#8221;on&#8221; border_color=&#8221;#1e73be&#8221; border_width=&#8221;3px&#8221; border_style=&#8221;solid&#8221; url=&#8221;\/ecole-francaise-ouzbekistan\/ma-classe\/cp\/&#8221;] [\/et_pb_blurb][et_pb_blurb admin_label=&#8221;Blurb&#8221; title=&#8221;CM2&#8243; url_new_window=&#8221;off&#8221; use_icon=&#8221;off&#8221; icon_color=&#8221;#1e73be&#8221; use_circle=&#8221;off&#8221; circle_color=&#8221;#1e73be&#8221; use_circle_border=&#8221;off&#8221; circle_border_color=&#8221;#1e73be&#8221; image=&#8221;http:\/\/www.ecole-francaise-tachkent.com\/wp-content\/uploads\/2015\/11\/CM2-ecole-francaise-tachkent-1.png&#8221; alt=&#8221;CM2 ecole fran\u00e7aise Tachkent&#8221; icon_placement=&#8221;top&#8221; animation=&#8221;top&#8221; background_layout=&#8221;light&#8221; text_orientation=&#8221;center&#8221; use_icon_font_size=&#8221;off&#8221; use_border_color=&#8221;on&#8221; border_color=&#8221;#1e73be&#8221; border_width=&#8221;3px&#8221; border_style=&#8221;solid&#8221; url=&#8221;\/ecole-francaise-ouzbekistan\/ma-classe\/cm2\/&#8221;] [\/et_pb_blurb][\/et_pb_column][et_pb_column type=&#8221;1_4&#8243;][et_pb_blurb admin_label=&#8221;Blurb&#8221; title=&#8221;CE1&#8243; url_new_window=&#8221;off&#8221; use_icon=&#8221;off&#8221; icon_color=&#8221;#1e73be&#8221; use_circle=&#8221;off&#8221; circle_color=&#8221;#1e73be&#8221; use_circle_border=&#8221;off&#8221; circle_border_color=&#8221;#1e73be&#8221; image=&#8221;http:\/\/www.ecole-francaise-tachkent.com\/wp-content\/uploads\/2015\/11\/CE1-ecole-francaise-tachkent-1.png&#8221; alt=&#8221;CE1 ecole fran\u00e7aise Tachkent&#8221; icon_placement=&#8221;top&#8221; animation=&#8221;top&#8221; background_layout=&#8221;light&#8221; text_orientation=&#8221;center&#8221; use_icon_font_size=&#8221;off&#8221; use_border_color=&#8221;on&#8221; border_color=&#8221;#1e73be&#8221; border_width=&#8221;3px&#8221; border_style=&#8221;solid&#8221; url=&#8221;\/ecole-francaise-ouzbekistan\/ma-classe\/ce1\/&#8221;] [\/et_pb_blurb][et_pb_blurb admin_label=&#8221;Blurb&#8221; title=&#8221;Secondary&#8221; url_new_window=&#8221;off&#8221; use_icon=&#8221;off&#8221; icon_color=&#8221;#1e73be&#8221; use_circle=&#8221;off&#8221; circle_color=&#8221;#1e73be&#8221; use_circle_border=&#8221;off&#8221; circle_border_color=&#8221;#1e73be&#8221; image=&#8221;http:\/\/www.ecole-francaise-tachkent.com\/wp-content\/uploads\/2015\/11\/ecole-secondaire-francais-tachkent-1.png&#8221; alt=&#8221;Coll\u00e8ge Lyc\u00e9e fran\u00e7ais Tachkent&#8221; icon_placement=&#8221;top&#8221; animation=&#8221;top&#8221; background_layout=&#8221;light&#8221; text_orientation=&#8221;center&#8221; use_icon_font_size=&#8221;off&#8221; use_border_color=&#8221;on&#8221; border_color=&#8221;#1e73be&#8221; border_width=&#8221;3px&#8221; border_style=&#8221;solid&#8221; url=&#8221;\/ecole-francaise-ouzbekistan\/ma-classe\/secondaire\/&#8221;] [\/et_pb_blurb][\/et_pb_column][et_pb_column type=&#8221;1_4&#8243;][et_pb_blurb admin_label=&#8221;Blurb&#8221; title=&#8221;CE2&#8243; url_new_window=&#8221;off&#8221; use_icon=&#8221;off&#8221; icon_color=&#8221;#1e73be&#8221; use_circle=&#8221;off&#8221; circle_color=&#8221;#1e73be&#8221; use_circle_border=&#8221;off&#8221; circle_border_color=&#8221;#1e73be&#8221; image=&#8221;http:\/\/www.ecole-francaise-tachkent.com\/wp-content\/uploads\/2015\/11\/CE2-ecole-francaise-tachkent-1.png&#8221; alt=&#8221;CE2 ecole fran\u00e7aise Tachkent&#8221; icon_placement=&#8221;top&#8221; animation=&#8221;top&#8221; background_layout=&#8221;light&#8221; text_orientation=&#8221;center&#8221; use_icon_font_size=&#8221;off&#8221; use_border_color=&#8221;on&#8221; border_color=&#8221;#1e73be&#8221; border_width=&#8221;3px&#8221; border_style=&#8221;solid&#8221; url=&#8221;\/ecole-francaise-ouzbekistan\/ma-classe\/ce2\/&#8221;] [\/et_pb_blurb][et_pb_blurb admin_label=&#8221;Blurb&#8221; title=&#8221;The whole school&#8221; url_new_window=&#8221;off&#8221; use_icon=&#8221;off&#8221; icon_color=&#8221;#1e73be&#8221; use_circle=&#8221;off&#8221; circle_color=&#8221;#1e73be&#8221; use_circle_border=&#8221;off&#8221; circle_border_color=&#8221;#1e73be&#8221; image=&#8221;http:\/\/www.ecole-francaise-tachkent.com\/wp-content\/uploads\/2015\/11\/ecole-primaire-francais-tachkent-1.png&#8221; alt=&#8221;ecole fran\u00e7aise Tachkent&#8221; icon_placement=&#8221;top&#8221; animation=&#8221;top&#8221; background_layout=&#8221;light&#8221; text_orientation=&#8221;center&#8221; use_icon_font_size=&#8221;off&#8221; use_border_color=&#8221;on&#8221; border_color=&#8221;#1e73be&#8221; border_width=&#8221;3px&#8221; border_style=&#8221;solid&#8221; url=&#8221;\/ecole-francaise-ouzbekistan\/ma-classe\/toute-lecole\/&#8221;] [\/et_pb_blurb][\/et_pb_column][\/et_pb_row][\/et_pb_section]<\/p>\n","protected":false},"excerpt":{"rendered":"<p>In my class<\/p>\n","protected":false},"author":1,"featured_media":0,"parent":32047,"menu_order":0,"comment_status":"closed","ping_status":"closed","template":"","meta":{"_et_pb_use_builder":"on","_et_pb_old_content":"","_et_gb_content_width":""},"_links":{"self":[{"href":"https:\/\/www.ecole-francaise-tachkent.com\/en\/wp-json\/wp\/v2\/pages\/32094"}],"collection":[{"href":"https:\/\/www.ecole-francaise-tachkent.com\/en\/wp-json\/wp\/v2\/pages"}],"about":[{"href":"https:\/\/www.ecole-francaise-tachkent.com\/en\/wp-json\/wp\/v2\/types\/page"}],"author":[{"embeddable":true,"href":"https:\/\/www.ecole-francaise-tachkent.com\/en\/wp-json\/wp\/v2\/users\/1"}],"replies":[{"embeddable":true,"href":"https:\/\/www.ecole-francaise-tachkent.com\/en\/wp-json\/wp\/v2\/comments?post=32094"}],"version-history":[{"count":3,"href":"https:\/\/www.ecole-francaise-tachkent.com\/en\/wp-json\/wp\/v2\/pages\/32094\/revisions"}],"predecessor-version":[{"id":32099,"href":"https:\/\/www.ecole-francaise-tachkent.com\/en\/wp-json\/wp\/v2\/pages\/32094\/revisions\/32099"}],"up":[{"embeddable":true,"href":"https:\/\/www.ecole-francaise-tachkent.com\/en\/wp-json\/wp\/v2\/pages\/32047"}],"wp:attachment":[{"href":"https:\/\/www.ecole-francaise-tachkent.com\/en\/wp-json\/wp\/v2\/media?parent=32094"}],"curies":[{"name":"wp","href":"https:\/\/api.w.org\/{rel}","templated":true}]}}