{"id":32145,"date":"2017-01-31T17:57:07","date_gmt":"2017-01-31T12:57:07","guid":{"rendered":"http:\/\/www.ecole-francaise-tachkent.com\/?page_id=32145\/"},"modified":"2018-10-08T14:20:52","modified_gmt":"2018-10-08T09:20:52","slug":"parental-portal","status":"publish","type":"page","link":"https:\/\/www.ecole-francaise-tachkent.com\/en\/parental-portal\/","title":{"rendered":"Parental Portal"},"content":{"rendered":"<p>Parental portal only for parents. Your password has been sent by email.<em>\u00a0<\/em><\/p>\n<p>&nbsp;<\/p>\n<h2>School<\/h2>\n<ul>\n<li><a href=\"\/ecole-francaise-ouzbekistan\/ma-classe\/maternelle\/\">Preschool<\/a><\/li>\n<li><a href=\"\/ecole-francaise-ouzbekistan\/ma-classe\/cp\/\">CP<\/a><\/li>\n<li><a href=\"\/ecole-francaise-ouzbekistan\/ma-classe\/ce1\/\">CE1<\/a><\/li>\n<li><a href=\"\/ecole-francaise-ouzbekistan\/ma-classe\/ce2\/\">CE2<\/a><\/li>\n<li><a href=\"\/ecole-francaise-ouzbekistan\/ma-classe\/cm1\/\">CM1<\/a><\/li>\n<li><a href=\"\/ecole-francaise-ouzbekistan\/ma-classe\/cm2\/\">CM2<\/a><\/li>\n<\/ul>\n<h2><\/h2>\n","protected":false},"excerpt":{"rendered":"<p>Parental portal only for parents. Your password has been sent by email.\u00a0 &nbsp; School Preschool CP CE1 CE2 CM1 CM2<\/p>\n","protected":false},"author":1,"featured_media":0,"parent":0,"menu_order":0,"comment_status":"closed","ping_status":"closed","template":"","meta":{"_et_pb_use_builder":"on","_et_pb_old_content":"Acc\u00e8s r\u00e9serv\u00e9 aux parents d\u2019\u00e9l\u00e8ves&nbsp;de&nbsp;l\u2019\u00e9cole fran\u00e7aise de Tachkent. Votre mot de passe unique vous a \u00e9t\u00e9 communiqu\u00e9.\n\n<em>Tous ces \u00e9l\u00e9ments sont confidentiels et \u00e0 usage exclusif des parents d\u2019\u00e9l\u00e8ves inscrits \u00e0 l'\u00e9cole fran\u00e7aise de Tachkent pour l'ann\u00e9e en cours. Toute diffusion de ces \u00e9l\u00e9ments \u00e0 l\u2019ext\u00e9rieur sera passible de sanctions.&nbsp;<\/em>\n\n&nbsp;\n<h2>L'\u00e9cole<\/h2>\n<ul>\n \t<li><a href=\"\/ecole-francaise-ouzbekistan\/ma-classe\/maternelle\/\">Maternelle<\/a><\/li>\n \t<li><a href=\"\/ecole-francaise-ouzbekistan\/ma-classe\/cp\/\">CP<\/a><\/li>\n \t<li><a href=\"\/ecole-francaise-ouzbekistan\/ma-classe\/ce1\/\">CE1<\/a><\/li>\n \t<li><a href=\"\/ecole-francaise-ouzbekistan\/ma-classe\/ce2\/\">CE2<\/a><\/li>\n \t<li><a href=\"\/ecole-francaise-ouzbekistan\/ma-classe\/cm1\/\">CM1<\/a><\/li>\n \t<li><a href=\"\/ecole-francaise-ouzbekistan\/ma-classe\/cm2\/\">CM2<\/a><\/li>\n<\/ul>\n<h2><\/h2>","_et_gb_content_width":""},"_links":{"self":[{"href":"https:\/\/www.ecole-francaise-tachkent.com\/en\/wp-json\/wp\/v2\/pages\/32145"}],"collection":[{"href":"https:\/\/www.ecole-francaise-tachkent.com\/en\/wp-json\/wp\/v2\/pages"}],"about":[{"href":"https:\/\/www.ecole-francaise-tachkent.com\/en\/wp-json\/wp\/v2\/types\/page"}],"author":[{"embeddable":true,"href":"https:\/\/www.ecole-francaise-tachkent.com\/en\/wp-json\/wp\/v2\/users\/1"}],"replies":[{"embeddable":true,"href":"https:\/\/www.ecole-francaise-tachkent.com\/en\/wp-json\/wp\/v2\/comments?post=32145"}],"version-history":[{"count":2,"href":"https:\/\/www.ecole-francaise-tachkent.com\/en\/wp-json\/wp\/v2\/pages\/32145\/revisions"}],"predecessor-version":[{"id":34698,"href":"https:\/\/www.ecole-francaise-tachkent.com\/en\/wp-json\/wp\/v2\/pages\/32145\/revisions\/34698"}],"wp:attachment":[{"href":"https:\/\/www.ecole-francaise-tachkent.com\/en\/wp-json\/wp\/v2\/media?parent=32145"}],"curies":[{"name":"wp","href":"https:\/\/api.w.org\/{rel}","templated":true}]}}