{"id":29433,"date":"2016-09-16T10:48:15","date_gmt":"2016-09-16T05:48:15","guid":{"rendered":"http:\/\/www.ecole-francaise-tachkent.com\/ru\/?page_id=29433"},"modified":"2016-09-16T10:49:01","modified_gmt":"2016-09-16T05:49:01","slug":"%d0%bc%d0%be%d0%b9-%d0%ba%d0%bb%d0%b0%d1%81%d1%81","status":"publish","type":"page","link":"https:\/\/www.ecole-francaise-tachkent.com\/ru\/%d1%84%d1%80%d0%b0%d0%bd%d1%86%d1%83%d0%b7%d1%81%d0%baa%d1%8f-%d1%88%d0%ba%d0%be%d0%bba-%d1%83%d0%b7%d0%b1%d0%b5%d0%ba%d0%b8%d1%81%d1%82%d0%b0%d0%bd%d0%b0-2\/%d0%bc%d0%be%d0%b9-%d0%ba%d0%bb%d0%b0%d1%81%d1%81\/","title":{"rendered":"\u041c\u043e\u0439 \u043a\u043b\u0430\u0441\u0441"},"content":{"rendered":"<p>[et_pb_section admin_label=&#187;section&#187; inner_shadow=&#187;off&#187; parallax=&#187;off&#187; transparent_background=&#187;off&#187; allow_player_pause=&#187;off&#187; parallax_method=&#187;off&#187; padding_mobile=&#187;off&#187; make_fullwidth=&#187;off&#187; use_custom_width=&#187;off&#187; width_unit=&#187;on&#187; make_equal=&#187;off&#187; use_custom_gutter=&#187;off&#187; gutter_width=&#187;3&#8243;][et_pb_row admin_label=&#187;row&#187;][et_pb_column type=&#187;4_4&#8243;][et_pb_text admin_label=&#187;Text&#187; background_layout=&#187;light&#187; text_orientation=&#187;left&#187; text_font=&#187;|on|||&#187; text_font_size=&#187;20&#8243; text_text_color=&#187;#1e73be&#187; use_border_color=&#187;off&#187; border_color=&#187;#ffffff&#187; border_style=&#187;solid&#187;]<\/p>\n<p>\u041c\u043e\u0439 \u043a\u043b\u0430\u0441\u0441<\/p>\n<p>[\/et_pb_text][\/et_pb_column][\/et_pb_row][et_pb_row admin_label=&#187;Row&#187; make_fullwidth=&#187;off&#187; use_custom_width=&#187;off&#187; width_unit=&#187;on&#187; use_custom_gutter=&#187;on&#187; gutter_width=&#187;2&#8243; padding_mobile=&#187;off&#187; allow_player_pause=&#187;off&#187; parallax=&#187;off&#187; parallax_method=&#187;off&#187; make_equal=&#187;on&#187; parallax_1=&#187;off&#187; parallax_method_1=&#187;off&#187; parallax_2=&#187;off&#187; parallax_method_2=&#187;off&#187; parallax_3=&#187;off&#187; parallax_method_3=&#187;off&#187; parallax_4=&#187;off&#187; parallax_method_4=&#187;off&#187; column_padding_mobile=&#187;on&#187;][et_pb_column type=&#187;1_4&#8243;][et_pb_blurb admin_label=&#187;Blurb&#187; title=&#187;Maternelle&#187; url_new_window=&#187;off&#187; use_icon=&#187;off&#187; icon_color=&#187;#1e73be&#187; use_circle=&#187;off&#187; circle_color=&#187;#1e73be&#187; use_circle_border=&#187;off&#187; circle_border_color=&#187;#1e73be&#187; image=&#187;http:\/\/www.ecole-francaise-tachkent.com\/wp-content\/uploads\/2015\/11\/maternelle-ecole-francaise-tachkent.png&#187; alt=&#187;Maternelle Ecole fran\u00e7aise Tachkent&#187; icon_placement=&#187;top&#187; animation=&#187;left&#187; background_layout=&#187;light&#187; text_orientation=&#187;center&#187; use_icon_font_size=&#187;off&#187; use_border_color=&#187;on&#187; border_color=&#187;#1e73be&#187; border_width=&#187;3px&#187; border_style=&#187;solid&#187; url=&#187;\/ecole-francaise-ouzbekistan\/ma-classe\/maternelle\/&#187;] [\/et_pb_blurb][et_pb_blurb admin_label=&#187;Blurb&#187; title=&#187;\u041a\u043b\u0430\u0441\u0441 CM1&#8243; url_new_window=&#187;off&#187; use_icon=&#187;off&#187; icon_color=&#187;#1e73be&#187; use_circle=&#187;off&#187; circle_color=&#187;#1e73be&#187; use_circle_border=&#187;off&#187; circle_border_color=&#187;#1e73be&#187; image=&#187;http:\/\/www.ecole-francaise-tachkent.com\/wp-content\/uploads\/2015\/11\/CM1-ecole-francaise-tachkent-1.png&#187; alt=&#187;CM1 Ecole fran\u00e7aise Tachkent&#187; icon_placement=&#187;top&#187; animation=&#187;left&#187; background_layout=&#187;light&#187; text_orientation=&#187;center&#187; use_icon_font_size=&#187;off&#187; use_border_color=&#187;on&#187; border_color=&#187;#1e73be&#187; border_width=&#187;3px&#187; border_style=&#187;solid&#187; url=&#187;\/ecole-francaise-ouzbekistan\/ma-classe\/cm1\/&#187;] [\/et_pb_blurb][\/et_pb_column][et_pb_column type=&#187;1_4&#8243;][et_pb_blurb admin_label=&#187;Blurb&#187; title=&#187;\u0421\u0420 \u2013 \u041f\u043e\u0434\u0433\u043e\u0442\u043e\u0432\u0438\u0442\u0435\u043b\u044c\u043d\u044b\u0439&#187; url_new_window=&#187;off&#187; use_icon=&#187;off&#187; icon_color=&#187;#1e73be&#187; use_circle=&#187;off&#187; circle_color=&#187;#1e73be&#187; use_circle_border=&#187;off&#187; circle_border_color=&#187;#1e73be&#187; image=&#187;http:\/\/www.ecole-francaise-tachkent.com\/wp-content\/uploads\/2015\/11\/CP-ecole-francaise-tachkent.png&#187; alt=&#187;CP ecole fran\u00e7aise Tachkent&#187; icon_placement=&#187;top&#187; animation=&#187;top&#187; background_layout=&#187;light&#187; text_orientation=&#187;center&#187; use_icon_font_size=&#187;off&#187; use_border_color=&#187;on&#187; border_color=&#187;#1e73be&#187; border_width=&#187;3px&#187; border_style=&#187;solid&#187; url=&#187;\/ecole-francaise-ouzbekistan\/ma-classe\/cp\/&#187;] [\/et_pb_blurb][et_pb_blurb admin_label=&#187;Blurb&#187; title=&#187;\u041a\u043b\u0430\u0441\u0441 CM2&#8243; url_new_window=&#187;off&#187; use_icon=&#187;off&#187; icon_color=&#187;#1e73be&#187; use_circle=&#187;off&#187; circle_color=&#187;#1e73be&#187; use_circle_border=&#187;off&#187; circle_border_color=&#187;#1e73be&#187; image=&#187;http:\/\/www.ecole-francaise-tachkent.com\/wp-content\/uploads\/2015\/11\/CM2-ecole-francaise-tachkent-1.png&#187; alt=&#187;CM2 ecole fran\u00e7aise Tachkent&#187; icon_placement=&#187;top&#187; animation=&#187;top&#187; background_layout=&#187;light&#187; text_orientation=&#187;center&#187; use_icon_font_size=&#187;off&#187; use_border_color=&#187;on&#187; border_color=&#187;#1e73be&#187; border_width=&#187;3px&#187; border_style=&#187;solid&#187; url=&#187;\/ecole-francaise-ouzbekistan\/ma-classe\/cm2\/&#187;] [\/et_pb_blurb][\/et_pb_column][et_pb_column type=&#187;1_4&#8243;][et_pb_blurb admin_label=&#187;Blurb&#187; title=&#187;\u041a\u043b\u0430\u0441\u0441 CE1&#8243; url_new_window=&#187;off&#187; use_icon=&#187;off&#187; icon_color=&#187;#1e73be&#187; use_circle=&#187;off&#187; circle_color=&#187;#1e73be&#187; use_circle_border=&#187;off&#187; circle_border_color=&#187;#1e73be&#187; image=&#187;http:\/\/www.ecole-francaise-tachkent.com\/wp-content\/uploads\/2015\/11\/CE1-ecole-francaise-tachkent-1.png&#187; alt=&#187;CE1 ecole fran\u00e7aise Tachkent&#187; icon_placement=&#187;top&#187; animation=&#187;top&#187; background_layout=&#187;light&#187; text_orientation=&#187;center&#187; use_icon_font_size=&#187;off&#187; use_border_color=&#187;on&#187; border_color=&#187;#1e73be&#187; border_width=&#187;3px&#187; border_style=&#187;solid&#187; url=&#187;\/ecole-francaise-ouzbekistan\/ma-classe\/ce1\/&#187;] [\/et_pb_blurb][et_pb_blurb admin_label=&#187;Blurb&#187; title=&#187;\u0421\u0440\u0435\u0434\u043d\u044f\u044f \u0448\u043a\u043e\u043b\u0430&#187; url_new_window=&#187;off&#187; use_icon=&#187;off&#187; icon_color=&#187;#1e73be&#187; use_circle=&#187;off&#187; circle_color=&#187;#1e73be&#187; use_circle_border=&#187;off&#187; circle_border_color=&#187;#1e73be&#187; image=&#187;http:\/\/www.ecole-francaise-tachkent.com\/wp-content\/uploads\/2015\/11\/ecole-secondaire-francais-tachkent-1.png&#187; alt=&#187;Coll\u00e8ge Lyc\u00e9e fran\u00e7ais Tachkent&#187; icon_placement=&#187;top&#187; animation=&#187;top&#187; background_layout=&#187;light&#187; text_orientation=&#187;center&#187; use_icon_font_size=&#187;off&#187; use_border_color=&#187;on&#187; border_color=&#187;#1e73be&#187; border_width=&#187;3px&#187; border_style=&#187;solid&#187; url=&#187;\/ecole-francaise-ouzbekistan\/ma-classe\/secondaire\/&#187;] [\/et_pb_blurb][\/et_pb_column][et_pb_column type=&#187;1_4&#8243;][et_pb_blurb admin_label=&#187;Blurb&#187; title=&#187;\u041a\u043b\u0430\u0441\u0441 CE2&#8243; url_new_window=&#187;off&#187; use_icon=&#187;off&#187; icon_color=&#187;#1e73be&#187; use_circle=&#187;off&#187; circle_color=&#187;#1e73be&#187; use_circle_border=&#187;off&#187; circle_border_color=&#187;#1e73be&#187; image=&#187;http:\/\/www.ecole-francaise-tachkent.com\/wp-content\/uploads\/2015\/11\/CE2-ecole-francaise-tachkent-1.png&#187; alt=&#187;CE2 ecole fran\u00e7aise Tachkent&#187; icon_placement=&#187;top&#187; animation=&#187;top&#187; background_layout=&#187;light&#187; text_orientation=&#187;center&#187; use_icon_font_size=&#187;off&#187; use_border_color=&#187;on&#187; border_color=&#187;#1e73be&#187; border_width=&#187;3px&#187; border_style=&#187;solid&#187; url=&#187;\/ecole-francaise-ouzbekistan\/ma-classe\/ce2\/&#187;] [\/et_pb_blurb][et_pb_blurb admin_label=&#187;Blurb&#187; title=&#187;\u0448\u043a\u043e\u043b\u0430&#187; url_new_window=&#187;off&#187; use_icon=&#187;off&#187; icon_color=&#187;#1e73be&#187; use_circle=&#187;off&#187; circle_color=&#187;#1e73be&#187; use_circle_border=&#187;off&#187; circle_border_color=&#187;#1e73be&#187; image=&#187;http:\/\/www.ecole-francaise-tachkent.com\/wp-content\/uploads\/2015\/11\/ecole-primaire-francais-tachkent-1.png&#187; alt=&#187;ecole fran\u00e7aise Tachkent&#187; icon_placement=&#187;top&#187; animation=&#187;top&#187; background_layout=&#187;light&#187; text_orientation=&#187;center&#187; use_icon_font_size=&#187;off&#187; use_border_color=&#187;on&#187; border_color=&#187;#1e73be&#187; border_width=&#187;3px&#187; border_style=&#187;solid&#187; url=&#187;\/ecole-francaise-ouzbekistan\/ma-classe\/toute-lecole\/&#187;] [\/et_pb_blurb][\/et_pb_column][\/et_pb_row][\/et_pb_section]<\/p>\n","protected":false},"excerpt":{"rendered":"<p>\u041c\u043e\u0439 \u043a\u043b\u0430\u0441\u0441<\/p>\n","protected":false},"author":1,"featured_media":0,"parent":29416,"menu_order":0,"comment_status":"closed","ping_status":"closed","template":"","meta":{"_et_pb_use_builder":"on","_et_pb_old_content":"","_et_gb_content_width":""},"_links":{"self":[{"href":"https:\/\/www.ecole-francaise-tachkent.com\/ru\/wp-json\/wp\/v2\/pages\/29433"}],"collection":[{"href":"https:\/\/www.ecole-francaise-tachkent.com\/ru\/wp-json\/wp\/v2\/pages"}],"about":[{"href":"https:\/\/www.ecole-francaise-tachkent.com\/ru\/wp-json\/wp\/v2\/types\/page"}],"author":[{"embeddable":true,"href":"https:\/\/www.ecole-francaise-tachkent.com\/ru\/wp-json\/wp\/v2\/users\/1"}],"replies":[{"embeddable":true,"href":"https:\/\/www.ecole-francaise-tachkent.com\/ru\/wp-json\/wp\/v2\/comments?post=29433"}],"version-history":[{"count":2,"href":"https:\/\/www.ecole-francaise-tachkent.com\/ru\/wp-json\/wp\/v2\/pages\/29433\/revisions"}],"predecessor-version":[{"id":29436,"href":"https:\/\/www.ecole-francaise-tachkent.com\/ru\/wp-json\/wp\/v2\/pages\/29433\/revisions\/29436"}],"up":[{"embeddable":true,"href":"https:\/\/www.ecole-francaise-tachkent.com\/ru\/wp-json\/wp\/v2\/pages\/29416"}],"wp:attachment":[{"href":"https:\/\/www.ecole-francaise-tachkent.com\/ru\/wp-json\/wp\/v2\/media?parent=29433"}],"curies":[{"name":"wp","href":"https:\/\/api.w.org\/{rel}","templated":true}]}}