{"id":29447,"date":"2016-09-16T10:54:02","date_gmt":"2016-09-16T05:54:02","guid":{"rendered":"http:\/\/www.ecole-francaise-tachkent.com\/ru\/?page_id=29447"},"modified":"2017-01-31T15:05:45","modified_gmt":"2017-01-31T10:05:45","slug":"%d1%81%d1%82%d1%80%d1%83%d0%ba%d1%82%d1%83%d1%80%d0%b0-%d1%88%d0%ba%d0%be%d0%bb%d1%8b","status":"publish","type":"page","link":"https:\/\/www.ecole-francaise-tachkent.com\/ru\/%d1%84%d1%80%d0%b0%d0%bd%d1%86%d1%83%d0%b7%d1%81%d0%baa%d1%8f-%d1%88%d0%ba%d0%be%d0%bba-%d1%83%d0%b7%d0%b1%d0%b5%d0%ba%d0%b8%d1%81%d1%82%d0%b0%d0%bd%d0%b0-2\/%d0%be-%d1%88%d0%ba%d0%be%d0%bb%d0%b5\/%d1%81%d1%82%d1%80%d1%83%d0%ba%d1%82%d1%83%d1%80%d0%b0-%d1%88%d0%ba%d0%be%d0%bb%d1%8b\/","title":{"rendered":"\u0421\u0442\u0440\u0443\u043a\u0442\u0443\u0440\u0430 \u0448\u043a\u043e\u043b\u044b"},"content":{"rendered":"<p>[et_pb_section admin_label=&#187;section&#187; transparent_background=&#187;off&#187; allow_player_pause=&#187;off&#187; inner_shadow=&#187;off&#187; parallax=&#187;off&#187; parallax_method=&#187;off&#187; padding_mobile=&#187;off&#187; make_fullwidth=&#187;off&#187; use_custom_width=&#187;off&#187; width_unit=&#187;on&#187; make_equal=&#187;off&#187; use_custom_gutter=&#187;off&#187; gutter_width=&#187;3&#8243;][et_pb_row admin_label=&#187;Row&#187;][et_pb_column type=&#187;4_4&#8243;][et_pb_text admin_label=&#187;Text&#187; background_layout=&#187;light&#187; text_orientation=&#187;left&#187; text_font=&#187;|on|||&#187; text_font_size=&#187;20&#8243; text_text_color=&#187;#1e73be&#187; use_border_color=&#187;off&#187; border_color=&#187;#ffffff&#187; border_style=&#187;solid&#187;]<\/p>\n<p>Organisation\u00a0de l&#8217;\u00e9cole fran\u00e7aise\u00a0de Tachkent<\/p>\n<p>[\/et_pb_text][\/et_pb_column][\/et_pb_row][et_pb_row admin_label=&#187;Row&#187;][et_pb_column type=&#187;4_4&#8243;][et_pb_text admin_label=&#187;Text&#187; background_layout=&#187;light&#187; text_orientation=&#187;left&#187; use_border_color=&#187;off&#187; border_color=&#187;#ffffff&#187; border_style=&#187;solid&#187; text_line_height=&#187;1.8em&#187;]<\/p>\n<ul>\n<li>\u0424\u0440\u0430\u043d\u0446\u0443\u0437\u0441\u043a\u0430\u044f \u0428\u043a\u043e\u043b\u0430 \u0422\u0430\u0448\u043a\u0435\u043d\u0442\u0430 &#8212; \u0435\u0434\u0438\u043d\u0441\u0442\u0432\u0435\u043d\u043d\u0430\u044f \u043d\u0430 \u0441\u0435\u0433\u043e\u0434\u043d\u044f \u0444\u0440\u0430\u043d\u0446\u0443\u0437\u0441\u043a\u0430\u044f \u0448\u043a\u043e\u043b\u0430 \u0432 \u0421\u0440\u0435\u0434\u043d\u0435\u0439 A\u0437\u0438\u0438, \u043f\u043e\u044f\u0432\u0438\u043b\u0430\u0441\u044c \u0432 1997 \u0433\u043e\u0434\u0443 \u043f\u043e \u0432\u043e\u043b\u0435 \u0440\u043e\u0434\u0438\u0442\u0435\u043b\u0435\u0439-\u0444\u0440\u0430\u043d\u0446\u0443\u0437\u0441\u043a\u0438\u0445 \u044d\u043a\u0441\u043f\u0430\u0442\u043e\u0432, \u043f\u043e\u0436\u0435\u043b\u0430\u0432\u0448\u0438\u0445, \u0447\u0442\u043e\u0431\u044b \u0441 \u043e\u0434\u043d\u043e\u0439 \u0441\u0442\u043e\u0440\u043e\u043d\u044b, \u0432 \u043e\u0431\u0443\u0447\u0435\u043d\u0438\u0438 \u0438\u0445 \u0434\u0435\u0442\u0435\u0439 \u043d\u0435 \u0431\u044b\u043b\u043e \u043f\u0435\u0440\u0435\u0440\u044b\u0432\u043e\u0432 \u0438 \u0441 \u0434\u0440\u0443\u0433\u043e\u0439, \u0447\u0442\u043e\u0431\u044b \u043b\u044e\u0431\u0438\u0442\u0435\u043b\u044f\u043c \u0438 \u0437\u043d\u0430\u0442\u043e\u043a\u0430\u043c \u0444\u0440\u0430\u043d\u0446\u0443\u0437\u0441\u043a\u043e\u0433\u043e \u044f\u0437\u044b\u043a\u0430 \u0432 \u0423\u0437\u0431\u0435\u043a\u0438\u0441\u0442\u0430\u043d\u0435 \u0441\u0442\u0430\u043b\u043e \u0434\u043e\u0441\u0442\u0443\u043f\u043d\u043e \u0432\u044b\u0441\u043e\u043a\u043e\u043a\u0430\u0447\u0435\u0441\u0442\u0432\u0435\u043d\u043d\u043e\u0435 \u043e\u0431\u0440\u0430\u0437\u043e\u0432\u0430\u043d\u0438\u0435.<\/li>\n<li>\u0424\u0440\u0430\u043d\u0446\u0443\u0437\u0441\u043a\u0430\u044f \u0448\u043a\u043e\u043b\u0430 \u0422\u0430\u0448\u043a\u0435\u043d\u0442\u0430 \u2013 \u044d\u0442\u043e \u043e\u0431\u0449\u0435\u0435 \u0434\u043e\u0441\u0442\u043e\u044f\u043d\u0438\u0435 \u043d\u0430 \u0441\u043b\u0443\u0436\u0431\u0435 \u0441\u043e\u043e\u0431\u0449\u0435\u0441\u0442\u0432\u0430 \u0440\u043e\u0434\u0438\u0442\u0435\u043b\u0435\u0439 \u0443\u0447\u0430\u0449\u0438\u0445\u0441\u044f, \u043a\u043e\u0442\u043e\u0440\u044b\u0435 \u043e\u0431\u044a\u0435\u0434\u0438\u043d\u0438\u043b\u0438\u0441\u044c \u0432 <b>\u0430\u0441\u0441\u043e\u0446\u0438\u0430\u0446\u0438\u044e \u0444\u0440\u0430\u043d\u0446\u0443\u0437\u0441\u043a\u043e\u0433\u043e \u043f\u0440\u0430\u0432\u0430 1901<\/b>. \u041f\u043e\u0434 \u044d\u0433\u0438\u0434\u043e\u0439 \u043f\u043e\u0441\u043b\u0430 \u0424\u0440\u0430\u043d\u0446\u0438\u0438 \u0432 \u0423\u0437\u0431\u0435\u043a\u0438\u0441\u0442\u0430\u043d\u0435 \u0448\u043a\u043e\u043b\u0430 \u0441\u043b\u0443\u0436\u0438\u0442 \u0434\u0435\u043b\u0443 \u0444\u0440\u0430\u043d\u0446\u0443\u0437\u0441\u043a\u043e\u0433\u043e \u0433\u043e\u0441\u0443\u0434\u0430\u0440\u0441\u0442\u0432\u0435\u043d\u043d\u043e\u0433\u043e \u043e\u0431\u0440\u0430\u0437\u043e\u0432\u0430\u043d\u0438\u044f \u0437\u0430 \u0440\u0443\u0431\u0435\u0436\u043e\u043c<\/li>\n<li>B \u0434\u0430\u043d\u043d\u043e\u043c \u0443\u0447\u0435\u0431\u043d\u043e\u043c \u0437\u0430\u0432\u0435\u0434\u0435\u043d\u0438\u0438 \u0443\u0447\u0438\u0442\u0441\u044f \u0431\u043e\u043b\u0435\u0435 100 \u0443\u0447\u0435\u043d\u0438\u043a\u043e\u0432, 70% \u0438\u0437 \u043d\u0438\u0445 \u2013 \u0433\u0440\u0430\u0436\u0434\u0430\u043d\u0435 \u0423\u0437\u0431\u0435\u043a\u0438\u0441\u0442\u0430\u043d\u0430 \u0438 \u043e\u043a\u043e\u043b\u043e \u0434\u0435\u0441\u044f\u0442\u0438 \u0440\u0430\u0437\u043b\u0438\u0447\u043d\u044b\u0445 \u043d\u0430\u0446\u0438\u043e\u043d\u0430\u043b\u044c\u043d\u043e\u0441\u0442\u0435\u0439, \u0447\u0442\u043e \u043e\u0431\u0435\u0441\u043f\u0435\u0447\u0438\u0432\u0430\u0435\u0442 \u0443\u0441\u0442\u043e\u0439\u0447\u0438\u0432\u043e\u0441\u0442\u044c \u0434\u043e\u043b\u0433\u043e\u0441\u0440\u043e\u0447\u043d\u043e\u0433\u043e \u043f\u0440\u043e\u0435\u043a\u0442\u0430, \u043d\u0435\u0437\u0430\u0432\u0438\u0441\u0438\u043c\u043e \u043e\u0442 \u043c\u0435\u0436\u0434\u0443\u043d\u0430\u0440\u043e\u0434\u043d\u043e\u0439 \u043e\u0431\u0441\u0442\u0430\u043d\u043e\u0432\u043a\u0438 \u0438 \u0438\u043d\u043e\u0441\u0442\u0440\u0430\u043d\u043d\u043e\u0433\u043e \u043f\u0440\u0438\u0441\u0443\u0442\u0441\u0442\u0432\u0438\u044f. \u0411\u043e\u043b\u0435\u0435 20 \u0443\u0447\u0438\u0442\u0435\u043b\u0435\u0439 \u043e\u0431\u0435\u0441\u043f\u0435\u0447\u0438\u0432\u0430\u044e\u0442 \u0444\u0440\u0430\u043d\u0446\u0443\u0437\u0441\u043a\u043e\u0435 \u043e\u0431\u0440\u0430\u0437\u043e\u0432\u0430\u043d\u0438\u0435 \u043d\u0430 \u0432\u044b\u0441\u043e\u043a\u043e\u043c \u0443\u0440\u043e\u0432\u043d\u0435 \u043d\u0430\u0447\u0438\u043d\u0430\u044f \u0441 \u0434\u0435\u0442\u0441\u043a\u043e\u0433\u043e \u0441\u0430\u0434\u0430 \u0438 \u0434\u043e \u0432\u044b\u043f\u0443\u0441\u043a\u043d\u043e\u0433\u043e \u043a\u043b\u0430\u0441\u0441\u0430, \u043f\u0440\u0438 \u044d\u0442\u043e\u043c \u0443\u0440\u043e\u0432\u0435\u043d\u044c \u0443\u0441\u043f\u0435\u0448\u043d\u043e\u0433\u043e \u043f\u043e\u043b\u0443\u0447\u0435\u043d\u0438\u044f \u0434\u0438\u043f\u043b\u043e\u043c\u043e\u0432 \u0412\u0410\u0421 \u0438 Brevet \u0441\u043e\u0441\u0442\u0430\u0432\u043b\u044f\u0435\u0442 99% \u0441 \u043d\u0430\u0447\u0430\u043b\u0430 \u0434\u0435\u044f\u0442\u0435\u043b\u044c\u043d\u043e\u0441\u0442\u0438 \u0448\u043a\u043e\u043b\u044b.\u00a0 \u0423\u0436\u0435 \u0441 \u043d\u0430\u0447\u0430\u043b\u044c\u043d\u043e\u0439 \u0448\u043a\u043e\u043b\u044b \u0438\u0437\u0443\u0447\u0430\u044e\u0442\u0441\u044f \u0430\u043d\u0433\u043b\u0438\u0439\u0441\u043a\u0438\u0439 \u0438 \u0440\u0443\u0441\u0441\u043a\u0438\u0439 \u044f\u0437\u044b\u043a\u0438, \u0442\u0430\u043a\u0436\u0435 \u043f\u0440\u0435\u0434\u043b\u0430\u0433\u0430\u044e\u0442\u0441\u044f 4 \u0438\u043d\u043e\u0441\u0442\u0440\u0430\u043d\u043d\u044b\u0445 \u044f\u0437\u044b\u043a\u0430 \u043f\u043e\u043c\u0438\u043c\u043e \u0444\u0440\u0430\u043d\u0446\u0443\u0437\u0441\u043a\u043e\u0433\u043e \u0437\u0430 \u0432\u0435\u0441\u044c \u043f\u0435\u0440\u0438\u043e\u0434 \u043e\u0431\u0443\u0447\u0435\u043d\u0438\u044f.<\/li>\n<\/ul>\n<p>[\/et_pb_text][\/et_pb_column][\/et_pb_row][et_pb_row admin_label=&#187;Row&#187; make_fullwidth=&#187;off&#187; use_custom_width=&#187;off&#187; width_unit=&#187;on&#187; use_custom_gutter=&#187;on&#187; gutter_width=&#187;1&#8243; padding_mobile=&#187;off&#187; background_color=&#187;#1e73be&#187; allow_player_pause=&#187;off&#187; parallax=&#187;off&#187; parallax_method=&#187;off&#187; make_equal=&#187;off&#187; parallax_1=&#187;off&#187; parallax_method_1=&#187;off&#187; parallax_2=&#187;off&#187; parallax_method_2=&#187;off&#187; parallax_3=&#187;off&#187; parallax_method_3=&#187;off&#187; parallax_4=&#187;off&#187; parallax_method_4=&#187;off&#187; column_padding_mobile=&#187;on&#187;][et_pb_column type=&#187;1_4&#8243;][et_pb_number_counter admin_label=&#187;Number Counter&#187; title=&#187;\u0443\u0447\u0435\u043d\u0438\u043a\u043e\u0432&#187; number=&#187;110&#8243; percent_sign=&#187;off&#187; counter_color=&#187;#ffffff&#187; background_layout=&#187;dark&#187; number_font_size=&#187;45&#8243; use_border_color=&#187;off&#187; border_color=&#187;#ffffff&#187; border_style=&#187;solid&#187; number_line_height=&#187;50px&#187;] [\/et_pb_number_counter][\/et_pb_column][et_pb_column type=&#187;1_4&#8243;][et_pb_number_counter admin_label=&#187;Number Counter&#187; title=&#187;\u043f\u0440\u0435\u043f\u043e\u0434\u0430\u0432\u0430\u0442\u0435\u043b\u0435\u0439&#187; number=&#187;20&#8243; percent_sign=&#187;off&#187; counter_color=&#187;#ffffff&#187; background_layout=&#187;dark&#187; number_font_size=&#187;45&#8243; use_border_color=&#187;off&#187; border_color=&#187;#ffffff&#187; border_style=&#187;solid&#187; number_line_height=&#187;50&#8243;] [\/et_pb_number_counter][\/et_pb_column][et_pb_column type=&#187;1_4&#8243;][et_pb_number_counter admin_label=&#187;Number Counter&#187; title=&#187;\u0441\u0442\u0440\u0430\u043d&#187; number=&#187;12&#8243; percent_sign=&#187;off&#187; counter_color=&#187;#ffffff&#187; background_layout=&#187;dark&#187; number_font_size=&#187;45&#8243; use_border_color=&#187;off&#187; border_color=&#187;#ffffff&#187; border_style=&#187;solid&#187; number_line_height=&#187;50&#8243;] [\/et_pb_number_counter][\/et_pb_column][et_pb_column type=&#187;1_4&#8243;][et_pb_number_counter admin_label=&#187;Number Counter&#187; title=&#187;\u0443\u0441\u043f\u0435\u0445&#187; number=&#187;100&#8243; percent_sign=&#187;on&#187; counter_color=&#187;#ffffff&#187; background_layout=&#187;dark&#187; number_font_size=&#187;45&#8243; use_border_color=&#187;off&#187; border_color=&#187;#ffffff&#187; border_style=&#187;solid&#187; number_line_height=&#187;50&#8243;] [\/et_pb_number_counter][\/et_pb_column][\/et_pb_row][et_pb_row admin_label=&#187;Row&#187; make_fullwidth=&#187;off&#187; use_custom_width=&#187;off&#187; width_unit=&#187;on&#187; use_custom_gutter=&#187;off&#187; gutter_width=&#187;3&#8243; padding_mobile=&#187;off&#187; allow_player_pause=&#187;off&#187; parallax=&#187;off&#187; parallax_method=&#187;off&#187; make_equal=&#187;on&#187; parallax_1=&#187;off&#187; parallax_method_1=&#187;off&#187; parallax_2=&#187;off&#187; parallax_method_2=&#187;off&#187; column_padding_mobile=&#187;on&#187;][et_pb_column type=&#187;4_4&#8243;][et_pb_text admin_label=&#187;Text&#187; background_layout=&#187;light&#187; text_orientation=&#187;left&#187; use_border_color=&#187;off&#187; border_color=&#187;#ffffff&#187; border_style=&#187;solid&#187; text_line_height=&#187;1.8em&#187;]<\/p>\n<ul>\n<li><span style=\"font-family: 'Times New Roman', serif;\"><span style=\"font-size: medium;\">\u0421 2001 \u0433. \u0444\u0440\u0430\u043d\u0446\u0443\u0437\u0441\u043a\u0430\u044f \u0448\u043a\u043e\u043b\u0430 \u0422\u0430\u0448\u043a\u0435\u043d\u0442\u0430 \u043e\u0444\u0438\u0446\u0438\u0430\u043b\u044c\u043d\u043e \u043f\u0440\u0438\u0437\u043d\u0430\u043d\u043d\u044b\u0439 \u043f\u0430\u0440\u0442\u043d\u0435\u0440 <\/span><\/span><span style=\"font-family: 'Times New Roman', serif;\"><span style=\"font-size: medium;\"><span lang=\"fr-FR\">AEFE<\/span><\/span><\/span><span style=\"font-family: 'Times New Roman', serif;\"><span style=\"font-size: medium;\">. \u042d\u0442\u043e\u0442 \u0441\u0442\u0430\u0442\u0443\u0441 \u0433\u0430\u0440\u0430\u043d\u0442\u0438\u0440\u0443\u0435\u0442 \u043a\u0430\u043a \u0441\u043e\u043e\u0442\u0432\u0435\u0442\u0441\u0442\u0432\u0438\u0435 \u0444\u0440\u0430\u043d\u0446\u0443\u0437\u0441\u043a\u043e\u0439 \u043c\u043e\u0434\u0435\u043b\u0438 \u043e\u0431\u0443\u0447\u0435\u043d\u0438\u044f, \u0442\u0430\u043a \u0438 \u043a\u0430\u0447\u0435\u0441\u0442\u0432\u043e \u043f\u043e\u043b\u0443\u0447\u0430\u0435\u043c\u043e\u0433\u043e \u043e\u0431\u0440\u0430\u0437\u043e\u0432\u0430\u043d\u0438\u044f. <\/span><\/span><span style=\"font-family: 'Times New Roman', serif;\"><span style=\"font-size: medium;\"><span lang=\"fr-FR\">AEFE<\/span><\/span><\/span><span style=\"font-family: 'Times New Roman', serif;\"><span style=\"font-size: medium;\"> (\u0410\u0433\u0435\u043d\u0442\u0441\u0442\u0432\u043e \u043f\u043e \u0424\u0440\u0430\u043d\u0446\u0443\u0437\u0441\u043a\u043e\u043c\u0443 \u041e\u0431\u0440\u0430\u0437\u043e\u0432\u0430\u043d\u0438\u044e \u0437\u0430 \u0440\u0443\u0431\u0435\u0436\u043e\u043c) &#8212; \u043f\u043e\u0434\u043a\u043e\u043d\u0442\u0440\u043e\u043b\u044c\u043d\u044b\u0439 \u043e\u0440\u0433\u0430\u043d \u041c\u0438\u043d\u0438\u0441\u0442\u0435\u0440\u0441\u0442\u0432\u0430 \u0418\u043d\u043e\u0441\u0442\u0440\u0430\u043d\u043d\u044b\u0445 \u0414\u0435\u043b \u0438 \u041c\u0435\u0436\u0434\u0443\u043d\u0430\u0440\u043e\u0434\u043d\u043e\u0433\u043e \u0420\u0430\u0437\u0432\u0438\u0442\u0438\u044f \u2013 \u0432\u0435\u0434\u0430\u0435\u0442 \u0441\u0435\u0442\u044c\u044e 495 \u0444\u0440\u0430\u043d\u0446\u0443\u0437\u0441\u043a\u0438\u0445 \u0448\u043a\u043e\u043b \u0432 137 \u0441\u0442\u0440\u0430\u043d\u0430\u0445 \u043c\u0438\u0440\u0430, \u0447\u0438\u0441\u043b\u043e \u0443\u0447\u0430\u0449\u0438\u0445\u0441\u044f \u0432 \u043a\u043e\u0442\u043e\u0440\u044b\u0445 \u0441\u043e\u0441\u0442\u0430\u0432\u043b\u044f\u0435\u0442 342 \u0442\u044b\u0441\u044f\u0447.<\/span><\/span><\/li>\n<\/ul>\n<p>[\/et_pb_text][\/et_pb_column][\/et_pb_row][et_pb_row admin_label=&#187;Row&#187;][et_pb_column type=&#187;1_2&#8243;][et_pb_image admin_label=&#187;Image&#187; src=&#187;http:\/\/www.ecole-francaise-tachkent.com\/wp-content\/uploads\/2015\/11\/2016-2017-carte-reseau-enseignement-francais-etranger-web.jpg&#187; show_in_lightbox=&#187;off&#187; url_new_window=&#187;off&#187; animation=&#187;off&#187; sticky=&#187;on&#187; align=&#187;right&#187; force_fullwidth=&#187;off&#187; always_center_on_mobile=&#187;on&#187; use_border_color=&#187;off&#187; border_color=&#187;#ffffff&#187; border_style=&#187;solid&#187; custom_margin=&#187;||20px|&#187; use_overlay=&#187;off&#187;] [\/et_pb_image][\/et_pb_column][et_pb_column type=&#187;1_2&#8243;][et_pb_image admin_label=&#187;Image&#187; src=&#187;http:\/\/www.ecole-francaise-tachkent.com\/wp-content\/uploads\/2015\/11\/AEFE-logo-\u00e9tablissement-partenaire.jpg&#187; show_in_lightbox=&#187;off&#187; url_new_window=&#187;off&#187; animation=&#187;off&#187; sticky=&#187;on&#187; align=&#187;right&#187; force_fullwidth=&#187;off&#187; always_center_on_mobile=&#187;on&#187; use_border_color=&#187;off&#187; border_color=&#187;#ffffff&#187; border_style=&#187;solid&#187; custom_margin=&#187;||20px|&#187;] [\/et_pb_image][\/et_pb_column][\/et_pb_row][\/et_pb_section]<\/p>\n","protected":false},"excerpt":{"rendered":"<p>Organisation\u00a0de l&#8217;\u00e9cole fran\u00e7aise\u00a0de Tachkent \u0424\u0440\u0430\u043d\u0446\u0443\u0437\u0441\u043a\u0430\u044f \u0428\u043a\u043e\u043b\u0430 \u0422\u0430\u0448\u043a\u0435\u043d\u0442\u0430 &#8212; \u0435\u0434\u0438\u043d\u0441\u0442\u0432\u0435\u043d\u043d\u0430\u044f \u043d\u0430 \u0441\u0435\u0433\u043e\u0434\u043d\u044f \u0444\u0440\u0430\u043d\u0446\u0443\u0437\u0441\u043a\u0430\u044f \u0448\u043a\u043e\u043b\u0430 \u0432 \u0421\u0440\u0435\u0434\u043d\u0435\u0439 A\u0437\u0438\u0438, \u043f\u043e\u044f\u0432\u0438\u043b\u0430\u0441\u044c \u0432 1997 \u0433\u043e\u0434\u0443 \u043f\u043e \u0432\u043e\u043b\u0435 \u0440\u043e\u0434\u0438\u0442\u0435\u043b\u0435\u0439-\u0444\u0440\u0430\u043d\u0446\u0443\u0437\u0441\u043a\u0438\u0445 \u044d\u043a\u0441\u043f\u0430\u0442\u043e\u0432, \u043f\u043e\u0436\u0435\u043b\u0430\u0432\u0448\u0438\u0445, \u0447\u0442\u043e\u0431\u044b \u0441 \u043e\u0434\u043d\u043e\u0439 \u0441\u0442\u043e\u0440\u043e\u043d\u044b, \u0432 \u043e\u0431\u0443\u0447\u0435\u043d\u0438\u0438 \u0438\u0445 \u0434\u0435\u0442\u0435\u0439 \u043d\u0435 \u0431\u044b\u043b\u043e \u043f\u0435\u0440\u0435\u0440\u044b\u0432\u043e\u0432 \u0438 \u0441 \u0434\u0440\u0443\u0433\u043e\u0439, \u0447\u0442\u043e\u0431\u044b \u043b\u044e\u0431\u0438\u0442\u0435\u043b\u044f\u043c \u0438 \u0437\u043d\u0430\u0442\u043e\u043a\u0430\u043c \u0444\u0440\u0430\u043d\u0446\u0443\u0437\u0441\u043a\u043e\u0433\u043e \u044f\u0437\u044b\u043a\u0430 \u0432 \u0423\u0437\u0431\u0435\u043a\u0438\u0441\u0442\u0430\u043d\u0435 \u0441\u0442\u0430\u043b\u043e \u0434\u043e\u0441\u0442\u0443\u043f\u043d\u043e \u0432\u044b\u0441\u043e\u043a\u043e\u043a\u0430\u0447\u0435\u0441\u0442\u0432\u0435\u043d\u043d\u043e\u0435 \u043e\u0431\u0440\u0430\u0437\u043e\u0432\u0430\u043d\u0438\u0435. \u0424\u0440\u0430\u043d\u0446\u0443\u0437\u0441\u043a\u0430\u044f \u0448\u043a\u043e\u043b\u0430 \u0422\u0430\u0448\u043a\u0435\u043d\u0442\u0430 \u2013 [&hellip;]<\/p>\n","protected":false},"author":1,"featured_media":0,"parent":29420,"menu_order":0,"comment_status":"closed","ping_status":"closed","template":"","meta":{"_et_pb_use_builder":"on","_et_pb_old_content":"<p><span style=\"font-style: inherit; font-weight: inherit;\">Ecole Fran\u00e7aise de Tachkent, \u00e0 ce jour la seule \u00e9cole fran\u00e7aise en Asie Centrale, est n\u00e9e en 1997 de la volont\u00e9 de parents fran\u00e7ais expatri\u00e9s d\u2019offrir \u00e0 la fois une continuit\u00e9 d\u2019enseignement \u00e0 leurs enfants et un acc\u00e8s \u00e0 un enseignement de grande qualit\u00e9, mondialement reconnu, aux francophones et francophiles d\u2019Ouzb\u00e9kistan.<\/span><\/p><p><span style=\"font-style: inherit; font-weight: inherit;\">L\u2019homologation du primaire en 2001 a apport\u00e9 une premi\u00e8re reconnaissance du travail accompli ainsi qu\u2019un gage suppl\u00e9mentaire de qualit\u00e9 qui a permis \u00e0 l\u2019\u00e9cole de rejoindre le r\u00e9seau AEFE des 450 \u00e9coles fran\u00e7aises de l\u2019\u00e9tranger, dont \u00e0 peine plus de 150 d\u2019entres elles sont homologu\u00e9es.<\/span><\/p><p><span style=\"font-style: inherit; font-weight: inherit;\">Si l\u2019\u00e9cole a b\u00e9n\u00e9fici\u00e9 de sponsors importants \u00e0 ses d\u00e9buts, aujourd\u2019hui elle assure pratiquement seule son financement, dans un contexte qui accueille peu d'investisseurs \u00e9trangers et peu de familles expatri\u00e9es. <\/span><span style=\"font-style: inherit; font-weight: inherit;\">L\u2019\u00e9tablissement compte un effectif d\u2019environ 100 \u00e9l\u00e8ves, dont 70% d'Ouzbeks, qui garantissent la p\u00e9rennit\u00e9 du projet \u00e0 long terme ind\u00e9pendamment de la conjoncture internationale et de la pr\u00e9sence \u00e9trang\u00e8re. Plus de 20 professeurs assurent un enseignement fran\u00e7ais de qualit\u00e9 de la classe de maternelle \u00e0 la terminale, avec un taux de r\u00e9ussite de 99% au BAC depuis la cr\u00e9ation de l\u2019\u00e9cole. Les langues vivantes enseign\u00e9es d\u00e8s le primaire sont l\u2019anglais et le russe\u00a0; les \u00e9l\u00e8ves peuvent choisir d\u00e8s la classe de 4\u00e8me\u00a0une deuxi\u00e8me langue\u00a0 vivante, espagnol ou russe<\/span><span style=\"font-style: inherit; font-weight: inherit;\">.<\/span><\/p>","_et_gb_content_width":""},"_links":{"self":[{"href":"https:\/\/www.ecole-francaise-tachkent.com\/ru\/wp-json\/wp\/v2\/pages\/29447"}],"collection":[{"href":"https:\/\/www.ecole-francaise-tachkent.com\/ru\/wp-json\/wp\/v2\/pages"}],"about":[{"href":"https:\/\/www.ecole-francaise-tachkent.com\/ru\/wp-json\/wp\/v2\/types\/page"}],"author":[{"embeddable":true,"href":"https:\/\/www.ecole-francaise-tachkent.com\/ru\/wp-json\/wp\/v2\/users\/1"}],"replies":[{"embeddable":true,"href":"https:\/\/www.ecole-francaise-tachkent.com\/ru\/wp-json\/wp\/v2\/comments?post=29447"}],"version-history":[{"count":4,"href":"https:\/\/www.ecole-francaise-tachkent.com\/ru\/wp-json\/wp\/v2\/pages\/29447\/revisions"}],"predecessor-version":[{"id":32079,"href":"https:\/\/www.ecole-francaise-tachkent.com\/ru\/wp-json\/wp\/v2\/pages\/29447\/revisions\/32079"}],"up":[{"embeddable":true,"href":"https:\/\/www.ecole-francaise-tachkent.com\/ru\/wp-json\/wp\/v2\/pages\/29420"}],"wp:attachment":[{"href":"https:\/\/www.ecole-francaise-tachkent.com\/ru\/wp-json\/wp\/v2\/media?parent=29447"}],"curies":[{"name":"wp","href":"https:\/\/api.w.org\/{rel}","templated":true}]}}