{"id":29450,"date":"2016-09-16T10:54:54","date_gmt":"2016-09-16T05:54:54","guid":{"rendered":"http:\/\/www.ecole-francaise-tachkent.com\/ru\/?page_id=29450"},"modified":"2019-02-18T07:01:18","modified_gmt":"2019-02-18T02:01:18","slug":"%d0%bf%d1%80%d0%b0%d0%b2%d0%b8%d0%bb%d0%be","status":"publish","type":"page","link":"https:\/\/www.ecole-francaise-tachkent.com\/ru\/%d1%84%d1%80%d0%b0%d0%bd%d1%86%d1%83%d0%b7%d1%81%d0%baa%d1%8f-%d1%88%d0%ba%d0%be%d0%bba-%d1%83%d0%b7%d0%b1%d0%b5%d0%ba%d0%b8%d1%81%d1%82%d0%b0%d0%bd%d0%b0-2\/%d0%be-%d1%88%d0%ba%d0%be%d0%bb%d0%b5\/%d0%bf%d1%80%d0%b0%d0%b2%d0%b8%d0%bb%d0%be\/","title":{"rendered":"\u043f\u0440\u0430\u0432\u0438\u043b\u043e"},"content":{"rendered":"<p>[et_pb_section fb_built=&#187;1&#8243; custom_padding_last_edited=&#187;on|desktop&#187; admin_label=&#187;section&#187; _builder_version=&#187;3.0.74&#8243; custom_padding_tablet=&#187;50px|0|50px|0&#8243; transparent_background=&#187;off&#187; padding_mobile=&#187;off&#187;][et_pb_row admin_label=&#187;Row&#187; _builder_version=&#187;3.0.48&#8243; background_size=&#187;initial&#187; background_position=&#187;top_left&#187; background_repeat=&#187;repeat&#187;][et_pb_column type=&#187;4_4&#8243; _builder_version=&#187;3.0.47&#8243; parallax=&#187;off&#187; parallax_method=&#187;on&#187;][et_pb_text admin_label=&#187;Text&#187; _builder_version=&#187;3.0.87&#8243; text_font=&#187;|on|||&#187; text_text_color=&#187;#1e73be&#187; text_font_size=&#187;20&#8243; background_size=&#187;initial&#187; background_position=&#187;top_left&#187; background_repeat=&#187;repeat&#187; use_border_color=&#187;off&#187; border_color=&#187;#ffffff&#187; border_style=&#187;solid&#187;]<\/p>\n<h2 lang=\"fr-FR\" align=\"JUSTIFY\"><span style=\"font-size: medium;\"><a href=\"http:\/\/www.ecole-francaise-tachkent.com\/reglement-interieur-2018-19-ru\/\"><span style=\"color: #3366ff;\"><span style=\"font-family: 'Times New Roman', serif;\"><span lang=\"ru-RU\">\u043f\u0440\u0430\u0432\u0438\u043b\u043e<\/span><\/span><\/span><\/a><\/span><\/h2>\n<p>[\/et_pb_text][\/et_pb_column][\/et_pb_row][et_pb_row admin_label=&#187;Ligne&#187; _builder_version=&#187;3.0.48&#8243; background_size=&#187;initial&#187; background_position=&#187;top_left&#187; background_repeat=&#187;repeat&#187;][et_pb_column type=&#187;2_3&#8243; _builder_version=&#187;3.0.47&#8243; parallax=&#187;off&#187; parallax_method=&#187;on&#187;][et_pb_text admin_label=&#187;Text&#187; _builder_version=&#187;3.0.87&#8243; text_line_height=&#187;1.8em&#187; background_size=&#187;initial&#187; background_position=&#187;top_left&#187; background_repeat=&#187;repeat&#187; use_border_color=&#187;off&#187; border_color=&#187;#ffffff&#187; border_style=&#187;solid&#187;]<\/p>\n<p><a href=\"http:\/\/www.ecole-francaise-tachkent.com\/afet-2019-statuts-fr\/\">Statuts en fran\u00e7ais<\/a><\/p>\n<p><a href=\"http:\/\/www.ecole-francaise-tachkent.com\/afet-2019-statuts-ru\/\">Statuts en russe<\/a><\/p>\n<p><a href=\"http:\/\/www.ecole-francaise-tachkent.com\/afet-2016-reglement-financier-et-administratif-fr\/\">R\u00e8glement administratif et financier de l&#8217;AFET (fran\u00e7ais)<\/a><\/p>\n<p><a href=\"http:\/\/www.ecole-francaise-tachkent.com\/afet-2016-reglement-financier-et-administratif-ru\/\">R\u00e8glement administratif et financier de l&#8217;AFET\u00a0 (russe)<\/a><\/p>\n<p>[\/et_pb_text][\/et_pb_column][et_pb_column type=&#187;1_3&#8243; _builder_version=&#187;3.0.47&#8243; parallax=&#187;off&#187; parallax_method=&#187;on&#187;][et_pb_image src=&#187;http:\/\/www.ecole-francaise-tachkent.com\/wp-content\/uploads\/2015\/11\/reglement-ecole-tachkent.jpg&#187; admin_label=&#187;Image&#187; _builder_version=&#187;3.0.87&#8243; border_width_all=&#187;3px&#187; border_color_all=&#187;#0c71c3&#8243; border_style_all=&#187;solid&#187; custom_margin=&#187;10px|10px|10px|10px&#187; use_border_color=&#187;on&#187; border_color=&#187;#0c71c3&#8243; border_width=&#187;3px&#187; border_style=&#187;solid&#187; animation=&#187;off&#187; sticky=&#187;off&#187;][\/et_pb_image][\/et_pb_column][\/et_pb_row][\/et_pb_section]<\/p>\n","protected":false},"excerpt":{"rendered":"<p>\u043f\u0440\u0430\u0432\u0438\u043b\u043eStatuts en fran\u00e7ais Statuts en russe R\u00e8glement administratif et financier de l&#8217;AFET (fran\u00e7ais) R\u00e8glement administratif et financier de l&#8217;AFET\u00a0 (russe)<\/p>\n","protected":false},"author":1,"featured_media":0,"parent":29420,"menu_order":0,"comment_status":"closed","ping_status":"closed","template":"","meta":{"_et_pb_use_builder":"on","_et_pb_old_content":"","_et_gb_content_width":""},"_links":{"self":[{"href":"https:\/\/www.ecole-francaise-tachkent.com\/ru\/wp-json\/wp\/v2\/pages\/29450"}],"collection":[{"href":"https:\/\/www.ecole-francaise-tachkent.com\/ru\/wp-json\/wp\/v2\/pages"}],"about":[{"href":"https:\/\/www.ecole-francaise-tachkent.com\/ru\/wp-json\/wp\/v2\/types\/page"}],"author":[{"embeddable":true,"href":"https:\/\/www.ecole-francaise-tachkent.com\/ru\/wp-json\/wp\/v2\/users\/1"}],"replies":[{"embeddable":true,"href":"https:\/\/www.ecole-francaise-tachkent.com\/ru\/wp-json\/wp\/v2\/comments?post=29450"}],"version-history":[{"count":3,"href":"https:\/\/www.ecole-francaise-tachkent.com\/ru\/wp-json\/wp\/v2\/pages\/29450\/revisions"}],"predecessor-version":[{"id":35096,"href":"https:\/\/www.ecole-francaise-tachkent.com\/ru\/wp-json\/wp\/v2\/pages\/29450\/revisions\/35096"}],"up":[{"embeddable":true,"href":"https:\/\/www.ecole-francaise-tachkent.com\/ru\/wp-json\/wp\/v2\/pages\/29420"}],"wp:attachment":[{"href":"https:\/\/www.ecole-francaise-tachkent.com\/ru\/wp-json\/wp\/v2\/media?parent=29450"}],"curies":[{"name":"wp","href":"https:\/\/api.w.org\/{rel}","templated":true}]}}