{"id":29518,"date":"2016-09-16T12:03:27","date_gmt":"2016-09-16T07:03:27","guid":{"rendered":"http:\/\/www.ecole-francaise-tachkent.com\/ru\/?page_id=29518"},"modified":"2016-09-29T10:32:51","modified_gmt":"2016-09-29T05:32:51","slug":"%d0%b2%d1%85%d0%be%d0%b4-%d0%b4%d0%bb%d1%8f-%d1%80%d0%be%d0%b4%d0%b8%d1%82%d0%b5%d0%bb%d0%b5%d0%b9","status":"publish","type":"page","link":"https:\/\/www.ecole-francaise-tachkent.com\/ru\/%d0%b2%d1%85%d0%be%d0%b4-%d0%b4%d0%bb%d1%8f-%d1%80%d0%be%d0%b4%d0%b8%d1%82%d0%b5%d0%bb%d0%b5%d0%b9\/","title":{"rendered":"\u0412\u0425\u041e\u0414 \u0414\u041b\u042f \u0420\u041e\u0414\u0418\u0422\u0415\u041b\u0415\u0419"},"content":{"rendered":"<p><span lang=\"ru-RU\">\u0414\u043e\u0441\u0442\u0443\u043f \u0438\u0441\u043a\u043b\u044e\u0447\u0438\u0442\u0435\u043b\u044c\u043d\u043e \u0434\u043b\u044f \u0440\u043e\u0434\u0438\u0442\u0435\u043b\u0435\u0439 \u0443\u0447\u0435\u043d\u0438\u043a\u043e\u0432 \u0424\u0440\u0430\u043d\u0446\u0443\u0437\u0441\u043a\u043e\u0439 \u0428\u043a\u043e\u043b\u044b \u0422\u0430\u0448\u043a\u0435\u043d\u0442\u0430. \u0417\u0434\u0435\u0441\u044c \u0412\u044b \u043d\u0430\u0439\u0434\u0435\u0442\u0435 \u0441\u043e\u043e\u0431\u0449\u0435\u043d\u0438\u044f \u0414\u0438\u0440\u0435\u043a\u0446\u0438\u0438 \u0448\u043a\u043e\u043b\u044b, \u043f\u0435\u0434.\u043f\u0435\u0440\u0441\u043e\u043d\u0430\u043b\u0430, \u0430\u0441\u0441\u043e\u0446\u0438\u0430\u0446\u0438\u0438 \u0440\u043e\u0434\u0438\u0442\u0435\u043b\u0435\u0439, \u0432\u0430\u0436\u043d\u044b\u0435 \u0434\u043e\u043a\u0443\u043c\u0435\u043d\u0442\u044b, \u043a\u0430\u0441\u0430\u044e\u0449\u0438\u0435\u0441\u044f \u0436\u0438\u0437\u043d\u0438 \u0440\u0435\u0431\u0435\u043d\u043a\u0430 \u0432 \u0448\u043a\u043e\u043b\u0435, \u0433\u043e\u0442\u043e\u0432\u044f\u0449\u0438\u0445\u0441\u044f \u0441\u043e\u0431\u044b\u0442\u0438\u0439. \u0412\u0430\u043c \u0441\u043b\u0435\u0434\u0443\u0435\u0442 \u0432\u0432\u0435\u0441\u0442\u0438 \u0432\u044b\u0434\u0430\u043d\u043d\u044b\u0439 \u0412\u0430\u043c \u043b\u043e\u0433\u0438\u043d \u0438 \u043f\u0430\u0440\u043e\u043b\u044c. \u0417\u0430\u0442\u0435\u043c, \u043a\u043b\u0438\u043a\u043d\u0443\u0442\u044c \u043d\u0430 \u0437\u0430\u0438\u043d\u0442\u0435\u0440\u0435\u0441\u043e\u0432\u0430\u0432\u0448\u0435\u0439 \u0432\u0430\u0441 \u0438\u043d\u0444\u043e\u0440\u043c\u0430\u0446\u0438\u0438, \u043f\u0440\u0438\u0432\u043e\u0434\u0438\u043c\u043e\u0439 \u043d\u0438\u0436\u0435. \u0427\u0442\u043e\u0431\u044b \u0432\u0435\u0440\u043d\u0443\u0442\u044c\u0441\u044f \u043d\u0430 \u044d\u0442\u0443 <\/span><span lang=\"ru-RU\">\u0441\u0442\u0440\u0430\u043d\u0438\u0446\u0443, \u0441\u043d\u043e\u0432\u0430 \u043a\u043b\u0438\u043a\u043d\u0438\u0442\u0435 \u043d\u0430 \u00ab\u0432\u0445\u043e\u0434 \u0434\u043b\u044f \u0440\u043e\u0434\u0438\u0442\u0435\u043b\u0435\u0439\u00bb \u0432 \u043f\u0440\u0430\u0432\u043e\u043c \u0432\u0435\u0440\u0445\u043d\u0435\u043c \u0443\u0433\u043b\u0443 \u044d\u043a\u0440\u0430\u043d\u0430. \u0414\u043b\u044f<\/span> <span lang=\"ru-RU\">\u043f\u043e\u043c\u043e\u0449\u0438<\/span>, <span lang=\"ru-RU\">\u043e\u0437\u043d\u0430\u043a\u043e\u043c\u044c\u0442\u0435\u0441\u044c<\/span> <span lang=\"ru-RU\">\u0441<\/span><span lang=\"ru-RU\">\u043f\u043e\u0448\u0430\u0433\u043e\u0432\u043e\u0439<\/span> <span lang=\"ru-RU\">\u0438\u043d\u0441\u0442\u0440\u0443\u043a\u0446\u0438\u0435\u0439<\/span>.<\/p>\n<h2>\u0428\u043a\u043e\u043ba<\/h2>\n<ul>\n<li><a href=\"\/ru\/\u0432\u0445\u043e\u0434-\u0434\u043b\u044f-\u0440\u043e\u0434\u0438\u0442\u0435\u043b\u0435\u0439\/\u0448\u043a\u043e\u043b\u0430\/\"><span lang=\"ru-RU\">\u0412\u0430\u0448\u0438<\/span> <span lang=\"ru-RU\">\u043a\u043e\u043d\u0442\u0430\u043a\u0442\u044b<\/span> <span lang=\"ru-RU\">\u0432<\/span> <span lang=\"ru-RU\">\u0448\u043a\u043e\u043b\u0435<\/span><\/a>\n<p align=\"CENTER\">\n<\/li>\n<\/ul>\n<p>&nbsp;<\/p>\n","protected":false},"excerpt":{"rendered":"<p>\u0414\u043e\u0441\u0442\u0443\u043f \u0438\u0441\u043a\u043b\u044e\u0447\u0438\u0442\u0435\u043b\u044c\u043d\u043e \u0434\u043b\u044f \u0440\u043e\u0434\u0438\u0442\u0435\u043b\u0435\u0439 \u0443\u0447\u0435\u043d\u0438\u043a\u043e\u0432 \u0424\u0440\u0430\u043d\u0446\u0443\u0437\u0441\u043a\u043e\u0439 \u0428\u043a\u043e\u043b\u044b \u0422\u0430\u0448\u043a\u0435\u043d\u0442\u0430. \u0417\u0434\u0435\u0441\u044c \u0412\u044b \u043d\u0430\u0439\u0434\u0435\u0442\u0435 \u0441\u043e\u043e\u0431\u0449\u0435\u043d\u0438\u044f \u0414\u0438\u0440\u0435\u043a\u0446\u0438\u0438 \u0448\u043a\u043e\u043b\u044b, \u043f\u0435\u0434.\u043f\u0435\u0440\u0441\u043e\u043d\u0430\u043b\u0430, \u0430\u0441\u0441\u043e\u0446\u0438\u0430\u0446\u0438\u0438 \u0440\u043e\u0434\u0438\u0442\u0435\u043b\u0435\u0439, \u0432\u0430\u0436\u043d\u044b\u0435 \u0434\u043e\u043a\u0443\u043c\u0435\u043d\u0442\u044b, \u043a\u0430\u0441\u0430\u044e\u0449\u0438\u0435\u0441\u044f \u0436\u0438\u0437\u043d\u0438 \u0440\u0435\u0431\u0435\u043d\u043a\u0430 \u0432 \u0448\u043a\u043e\u043b\u0435, \u0433\u043e\u0442\u043e\u0432\u044f\u0449\u0438\u0445\u0441\u044f \u0441\u043e\u0431\u044b\u0442\u0438\u0439. \u0412\u0430\u043c \u0441\u043b\u0435\u0434\u0443\u0435\u0442 \u0432\u0432\u0435\u0441\u0442\u0438 \u0432\u044b\u0434\u0430\u043d\u043d\u044b\u0439 \u0412\u0430\u043c \u043b\u043e\u0433\u0438\u043d \u0438 \u043f\u0430\u0440\u043e\u043b\u044c. \u0417\u0430\u0442\u0435\u043c, \u043a\u043b\u0438\u043a\u043d\u0443\u0442\u044c \u043d\u0430 \u0437\u0430\u0438\u043d\u0442\u0435\u0440\u0435\u0441\u043e\u0432\u0430\u0432\u0448\u0435\u0439 \u0432\u0430\u0441 \u0438\u043d\u0444\u043e\u0440\u043c\u0430\u0446\u0438\u0438, \u043f\u0440\u0438\u0432\u043e\u0434\u0438\u043c\u043e\u0439 \u043d\u0438\u0436\u0435. \u0427\u0442\u043e\u0431\u044b \u0432\u0435\u0440\u043d\u0443\u0442\u044c\u0441\u044f \u043d\u0430 \u044d\u0442\u0443 \u0441\u0442\u0440\u0430\u043d\u0438\u0446\u0443, \u0441\u043d\u043e\u0432\u0430 \u043a\u043b\u0438\u043a\u043d\u0438\u0442\u0435 \u043d\u0430 \u00ab\u0432\u0445\u043e\u0434 \u0434\u043b\u044f \u0440\u043e\u0434\u0438\u0442\u0435\u043b\u0435\u0439\u00bb \u0432 \u043f\u0440\u0430\u0432\u043e\u043c [&hellip;]<\/p>\n","protected":false},"author":1,"featured_media":0,"parent":0,"menu_order":0,"comment_status":"closed","ping_status":"closed","template":"","meta":{"_et_pb_use_builder":"on","_et_pb_old_content":"Acc\u00e8s r\u00e9serv\u00e9 aux parents d\u2019\u00e9l\u00e8ves&nbsp;de&nbsp;l\u2019\u00e9cole fran\u00e7aise de Tachkent. Votre mot de passe unique vous a \u00e9t\u00e9 communiqu\u00e9.\n\n<em>Tous ces \u00e9l\u00e9ments sont confidentiels et \u00e0 usage exclusif des parents d\u2019\u00e9l\u00e8ves inscrits \u00e0 l'\u00e9cole fran\u00e7aise de Tachkent pour l'ann\u00e9e en cours. Toute diffusion de ces \u00e9l\u00e9ments \u00e0 l\u2019ext\u00e9rieur sera passible de sanctions.&nbsp;<\/em>\n\n&nbsp;\n<h2>L'\u00e9cole<\/h2>\n<ul>\n \t<li><a href=\"\/ecole-francaise-ouzbekistan\/ma-classe\/maternelle\/\">Maternelle<\/a><\/li>\n \t<li><a href=\"\/ecole-francaise-ouzbekistan\/ma-classe\/cp\/\">CP<\/a><\/li>\n \t<li><a href=\"\/ecole-francaise-ouzbekistan\/ma-classe\/ce1\/\">CE1<\/a><\/li>\n \t<li><a href=\"\/ecole-francaise-ouzbekistan\/ma-classe\/ce2\/\">CE2<\/a><\/li>\n \t<li><a href=\"\/ecole-francaise-ouzbekistan\/ma-classe\/cm1\/\">CM1<\/a><\/li>\n \t<li><a href=\"\/ecole-francaise-ouzbekistan\/ma-classe\/cm2\/\">CM2<\/a><\/li>\n<\/ul>\n<h2><\/h2>","_et_gb_content_width":""},"_links":{"self":[{"href":"https:\/\/www.ecole-francaise-tachkent.com\/ru\/wp-json\/wp\/v2\/pages\/29518"}],"collection":[{"href":"https:\/\/www.ecole-francaise-tachkent.com\/ru\/wp-json\/wp\/v2\/pages"}],"about":[{"href":"https:\/\/www.ecole-francaise-tachkent.com\/ru\/wp-json\/wp\/v2\/types\/page"}],"author":[{"embeddable":true,"href":"https:\/\/www.ecole-francaise-tachkent.com\/ru\/wp-json\/wp\/v2\/users\/1"}],"replies":[{"embeddable":true,"href":"https:\/\/www.ecole-francaise-tachkent.com\/ru\/wp-json\/wp\/v2\/comments?post=29518"}],"version-history":[{"count":7,"href":"https:\/\/www.ecole-francaise-tachkent.com\/ru\/wp-json\/wp\/v2\/pages\/29518\/revisions"}],"predecessor-version":[{"id":29841,"href":"https:\/\/www.ecole-francaise-tachkent.com\/ru\/wp-json\/wp\/v2\/pages\/29518\/revisions\/29841"}],"wp:attachment":[{"href":"https:\/\/www.ecole-francaise-tachkent.com\/ru\/wp-json\/wp\/v2\/media?parent=29518"}],"curies":[{"name":"wp","href":"https:\/\/api.w.org\/{rel}","templated":true}]}}